{"id":65,"date":"2016-07-02T13:17:15","date_gmt":"2016-07-02T11:17:15","guid":{"rendered":"http:\/\/sks-steenbergen.nl\/?page_id=65"},"modified":"2024-02-20T08:03:54","modified_gmt":"2024-02-20T07:03:54","slug":"1970-1979","status":"publish","type":"page","link":"https:\/\/strienestad.nl\/?page_id=65","title":{"rendered":"1970-1979"},"content":{"rendered":"<p style=\"text-align: center;\"><span style=\"font-size: x-large;\"><span style=\"color: #008000;\">1970 We staon all&#8217;op scherp!<\/span><\/span><\/p>\n<p>Prins: Jan van Essen (Prins Strienius II)<img loading=\"lazy\" decoding=\"async\" class=\"size-full wp-image-3983 alignright\" src=\"https:\/\/strienestad.nl\/wp-content\/uploads\/2023\/01\/1970-300-300-257x300-1.jpg\" alt=\"\" width=\"257\" height=\"300\" srcset=\"https:\/\/strienestad.nl\/wp-content\/uploads\/2023\/01\/1970-300-300-257x300-1.jpg 257w, https:\/\/strienestad.nl\/wp-content\/uploads\/2023\/01\/1970-300-300-257x300-1-150x175.jpg 150w\" sizes=\"auto, (max-width: 257px) 100vw, 257px\" \/><br \/>\nNar: Gerard Krijnen<br \/>\nJan Oorlog: Tiny van Meer<br \/>\nMussekoning: Jack de Regt<br \/>\nDeftige Flodder: Jack van Terheyden<br \/>\nMotto: We staon all&#8217;op scherp!<\/p>\n<p><strong>KOEPLET 1<\/strong><br \/>\nWE WOUWE N\u2019ES LEKKER STEMME GAON<br \/>\nMEDERN: OPP\u2019UN MESJIEN<br \/>\nMAR DA PLAN DA VIEL IN DUIGE<br \/>\nT\u2019IS DAOROM D\u2019AMME \u201cSCHERRUP STAON\u201d<br \/>\nEN POLLETIEK GEZIEN<br \/>\nOVERALL\u2019UN PUNT AON ZUIGE<br \/>\nDE KLUP DIE &#8211; DA VANN\u2019ONZE CENTJES KAN<br \/>\nDIE MAOKTE D\u2019R AV\u2019VAST UN POTJE VAN<br \/>\nAL \u201cSTAON WE N\u2019OP DE LAT\u201d<br \/>\nD\u2019R ZIT WADD\u2019IN \u2019T VAT<\/p>\n<p><strong>REFREIN<br \/>\nUT WORD\u2019UN FEEST<br \/>\nWE GAON VERJAORE<br \/>\nDA D\u2019EMME DAOR\u2019VA\u2019TRENT AL DUUZEND KEER GEDAON<br \/>\nWE ZIJN BEGONNE MEEJ\u2019 NAOR T\u2019SAS TE DWEILE<br \/>\nEN NAAUW BEK\u00c1\u00c1NT\u2019ALL\u2019ELLEF JAORE AONN\u2019UT KWEILE<br \/>\nWE KOMME VOR\u2019\u00c8\u00c8ST<br \/>\nNIE TOT BEDAORE<br \/>\nOMDA\u2019WE NAAUW\u2019AW\u2019WIR OP SCHERRUP STAON!<\/strong><\/p>\n<audio class=\"wp-audio-shortcode\" id=\"audio-65-1\" preload=\"none\" style=\"width: 100%;\" controls=\"controls\"><source type=\"audio\/mpeg\" src=\"\/wp-content\/uploads\/2016\/07\/1970-We-staon-al-op-scherp.mp3?_=1\" \/><a href=\"\/wp-content\/uploads\/2016\/07\/1970-We-staon-al-op-scherp.mp3\">\/wp-content\/uploads\/2016\/07\/1970-We-staon-al-op-scherp.mp3<\/a><\/audio>\n<hr \/>\n<p style=\"text-align: center;\"><span style=\"font-size: x-large;\"><span style=\"color: #008000;\">1971 We vliege z&#8217;elf!<\/span><\/span><\/p>\n<p>Prins: Jan van Essen (Prins Strienius II)<img loading=\"lazy\" decoding=\"async\" class=\"size-full wp-image-3984 alignright\" src=\"https:\/\/strienestad.nl\/wp-content\/uploads\/2023\/01\/1971-300-300-207x300-1.jpg\" alt=\"\" width=\"207\" height=\"300\" srcset=\"https:\/\/strienestad.nl\/wp-content\/uploads\/2023\/01\/1971-300-300-207x300-1.jpg 207w, https:\/\/strienestad.nl\/wp-content\/uploads\/2023\/01\/1971-300-300-207x300-1-150x217.jpg 150w\" sizes=\"auto, (max-width: 207px) 100vw, 207px\" \/><br \/>\nNar: Leo Delhez<br \/>\nJan Oorlog: Tiny van Meer<br \/>\nMussekoning: Jack de Regt<br \/>\nDeftige Flodder: Jack van Terheyden \/ Christ Gabriels<br \/>\nMotto: We vliege z&#8217;elf!<\/p>\n<p><strong>REFREIN<\/strong><br \/>\n<strong>K\u2019EB ZE DEEZE KEER \u2018ES LEKKER LAOTE VLIEGE, ENN\u2019IK DOCHT<\/strong><br \/>\n<strong> DADD\u2019IK DEUR DE VUILE WOLLEKE NAOR ONS VLIEGVELD WIER GEBROCHT<\/strong><br \/>\n<strong> MAR VOR DAMME GA\u00c8F ONS RONDJES KUNNE DRAAI\u2019JE<\/strong><br \/>\n<strong> MOTTE WE DA\u2019VE\u2019TRENT AON \u2019T SAS NOG VEUL BEGAAI\u2019JE<\/strong><br \/>\n<strong> WANT AL ZITT\u2019ER NOU SEBIET UN MAKSIE LUCHJE N\u2019AON<\/strong><br \/>\n<strong> EN ZIJN ME N\u2019ELLUF JAOR GELEJE NAOR DE MAON GEGAON<\/strong><br \/>\n<strong> IK BLIJF DWEILE ENN\u2019UT ZAL TER NIE OM LIEGE<\/strong><br \/>\n<strong> OKK\u2019AL ZIEN\u2019K ZE SOMMED\u2019EEN NOG VEUL MEER VLIEGE\u2026.<\/strong><\/p>\n<p><strong>KOEPLET 1<\/strong><br \/>\nWE SPRINGE VOOR DE VARRIE\u201dJAASSIE WEER \u2018ES UITT\u2019EN BAAND<br \/>\nUT GING GEWOON VANN\u2019EIGES EN \u2019T STING Z\u2019ELLUF IN DE KRAANT<br \/>\nME VLIEGE NOU WELL\u2019ERRUG \u2018OOG, DA KUNNE WIJ BEST DOEN<br \/>\nWE SLAAN DRIE VLIEGE INN\u2019\u00c9\u00c9NE KLAP : WE KIJKEN NIE OPP\u2019UN MULJOEN\u2026<\/p>\n<audio class=\"wp-audio-shortcode\" id=\"audio-65-2\" preload=\"none\" style=\"width: 100%;\" controls=\"controls\"><source type=\"audio\/mpeg\" src=\"\/wp-content\/uploads\/2016\/07\/1971-We-vliege-zelluf.mp3?_=2\" \/><a href=\"\/wp-content\/uploads\/2016\/07\/1971-We-vliege-zelluf.mp3\">\/wp-content\/uploads\/2016\/07\/1971-We-vliege-zelluf.mp3<\/a><\/audio>\n<hr \/>\n<p style=\"text-align: center;\"><span style=\"font-size: x-large;\"><span style=\"color: #008000;\">1972 We staampe n&#8217;op jubeltenen!<\/span><\/span><\/p>\n<p>Prins: Jan van Essen (Prins Strienius II)<img loading=\"lazy\" decoding=\"async\" class=\"size-full wp-image-3985 alignright\" src=\"https:\/\/strienestad.nl\/wp-content\/uploads\/2023\/01\/1972-300-300-136x300-1.jpg\" alt=\"\" width=\"136\" height=\"300\" \/><br \/>\nNar: Leo Delhez<br \/>\nJan Oorlog: Tiny van Meer<br \/>\nMussekoning: Jan Konings<br \/>\nDeftige Flodder: Rene Sebregts<br \/>\nMotto: We staampe n&#8217;op jubeltenen!<\/p>\n<p><strong>REFREIN<br \/>\nD\u2019R ZITT\u2019AL L\u00c0\u00c0NK WADD\u2019IN DE LUCHT,<br \/>\nETT\u2019OK GEROOKE?<br \/>\nIK KOMM\u2019AL LEKKER IN M\u2019N F\u00c8\u00c8STELUKKEN DOEN;<br \/>\nUTT\u2019IS G\u00c8\u00c8N KATTEPIES, O\u2019NEE WE KRIJGEN \u2018UN KE\u2019DOOKE:<br \/>\nUN NUUW GEM\u00c8\u00c8NTE-KOT, D\u00c0 KOS NOG G\u00c8\u00c8N M\u2019LJOEN.<br \/>\nW\u2019EBBE NIEJ\u2019\u00c8\u00c8NS UN KOMMITEEKE<br \/>\nEN WE ZOEKEN ONS EIGE ROT<br \/>\nW\u00c0\u00c0NT WE ZOUWE WEL WILLE F\u00c8\u00c8STE<br \/>\nMAR WE WEETE NIEJ\u2019OEW\u2019UT MOT.<br \/>\nVAN D\u00c0\u2019 LEUTIG-ZITTE-WACHTE<br \/>\nKRIJ\u2019K DE KR\u00c0\u00c0MP,<br \/>\nD\u00c0R\u2019\u2019 OMD\u00c0\u2019K NOUW \u2018AV\u2019VAST MEEJ\u2019<br \/>\nJUUBELT\u00c8\u00c8NE ST\u00c0\u00c0MP.<\/strong><\/p>\n<p><strong>KOEPLET 1<\/strong><br \/>\nK&#8217;EB DE KRIEBEL IN M&#8217;N KUITE<br \/>\nW\u00c0\u00c0NT \u2018IK EBB\u2019UT GOET \u2018ONT\u2019OUWE:<br \/>\nZE LOPEN OP &#8216;T STAD&#8217;UIS TE FLUITE<br \/>\nJA WE MOTTE EEN FEES\u2019SJE BOUWE<br \/>\nDE WIJZE\u2019 EBBEN &#8216;UT UITGEM\u00c0KT<br \/>\nDA\u2019 WIJ \u2018IER MEEJ MEKAOR<br \/>\nTE KLITTE-ZITTE N&#8217;OPP UNNEN&#8217;\u00d2\u00d2P<br \/>\nAL ZEEVEN\u2019ONDERD JAOR<\/p>\n<audio class=\"wp-audio-shortcode\" id=\"audio-65-3\" preload=\"none\" style=\"width: 100%;\" controls=\"controls\"><source type=\"audio\/mpeg\" src=\"\/wp-content\/uploads\/2016\/07\/1972-We-staampe-n-op-jubelteene.mp3?_=3\" \/><a href=\"\/wp-content\/uploads\/2016\/07\/1972-We-staampe-n-op-jubelteene.mp3\">\/wp-content\/uploads\/2016\/07\/1972-We-staampe-n-op-jubelteene.mp3<\/a><\/audio>\n<hr \/>\n<p style=\"text-align: center;\"><span style=\"font-size: x-large;\"><span style=\"color: #008000;\">1973 We gooije wir oog n&#8217;ooge!<\/span><\/span><\/p>\n<p>Prins: Jan van Essen (Prins Strienius II)<img loading=\"lazy\" decoding=\"async\" class=\"size-full wp-image-3986 alignright\" src=\"https:\/\/strienestad.nl\/wp-content\/uploads\/2023\/01\/1973-300-300-256x300-1.jpg\" alt=\"\" width=\"256\" height=\"300\" srcset=\"https:\/\/strienestad.nl\/wp-content\/uploads\/2023\/01\/1973-300-300-256x300-1.jpg 256w, https:\/\/strienestad.nl\/wp-content\/uploads\/2023\/01\/1973-300-300-256x300-1-150x176.jpg 150w\" sizes=\"auto, (max-width: 256px) 100vw, 256px\" \/><br \/>\nNar: Leo Delhez<br \/>\nJan Oorlog: Tiny van Meer<br \/>\nMussekoning: Jan Konings<br \/>\nDeftige Flodder: Rene Sebregts<br \/>\nMotto: We gooije wir oog n&#8217;ooge!<\/p>\n<p>Jeugdgevolg<br \/>\nPrinsje: Clemens Suykerbuyk<br \/>\nNarreke: Kees Vermeulen<\/p>\n<p><strong>REFREIN<br \/>\nWE KRIJGE NOUW ALLEMAOL NU&#8217;LOTJE N&#8217;IN DE LOTERIJ,<br \/>\nDU&#8217;N &#8216;EERSTE PRIJS WA NUUWE RUIMTE, W\u00c0\u00c0NT DA&#8217;D&#8217;OOR T&#8217;ER BIJ.<br \/>\nDAOR ZUMME&#8217;Z&#8217;IN DEN BOS US MEEJ&#8217; GAON PESTE,<br \/>\nWE GAON OVERAL NAOR TOE, MAR NIE NAOR &#8216;T WESTE.<br \/>\nUT MAOKT&#8217;ONS NIKS. D&#8217;ATT&#8217;ALTIJD VRIEST EN DAN WIR DOOIT,<br \/>\nAJJE MAR ZURRUGT D&#8217;AJJE OOG N&#8217;OOGE GOOIT.<\/strong><\/p>\n<p><strong>KOEPLET 1<\/strong><br \/>\nT\u2019 IS AW\u2019WIR UN TIJD GELEEJE D\u2019AKK\u2019UN LEUTTUG SMOELTJE N\u2019AD<br \/>\nWAOR DA D\u2019IS GEBLEEVE MOJJE MAR NIE VRAOGE<br \/>\nMAR DE KRIEBEL ZITT\u2019UN BIETJE N\u2019IN DE LUCHT,<br \/>\nEN DAOROM GAON\u2019K SOMME D\u2019\u00c9\u00c9N WIR G\u00c0\u00c0UW\u2019UN LEKKER GOKJE WAOGE.<br \/>\nW\u00c0\u00c0NT\u2019AL ZITTE\u2019UT NIE ZO NET, EN KOSTT\u2019UT CENTE TOTT\u2019EN MET,<br \/>\nZ\u2019EBBE TOCH VORR\u2019ONS UNN \u00cdJZERE KEZIENO WEGGEZET.<\/p>\n<p>Van de Carnavalsliedjes uit 1973, 1974 en 1975 is geen singeltje uitgebracht. Deze versie is een compilatie van de refreinen uit die jaren, ingezongen door De Nar meej de Bl\u00e0\u00e0uwe Snor (Ad Vermeulen).<\/p>\n<audio class=\"wp-audio-shortcode\" id=\"audio-65-4\" preload=\"none\" style=\"width: 100%;\" controls=\"controls\"><source type=\"audio\/mpeg\" src=\"\/wp-content\/uploads\/2016\/07\/1973-We-gooie-wir-oogen-ooge-1974-Ut-ekken-is-van-de-dam-1975-Wa-stik-mijn-n-bos-peeje.mp3?_=4\" \/><a href=\"\/wp-content\/uploads\/2016\/07\/1973-We-gooie-wir-oogen-ooge-1974-Ut-ekken-is-van-de-dam-1975-Wa-stik-mijn-n-bos-peeje.mp3\">\/wp-content\/uploads\/2016\/07\/1973-We-gooie-wir-oogen-ooge-1974-Ut-ekken-is-van-de-dam-1975-Wa-stik-mijn-n-bos-peeje.mp3<\/a><\/audio>\n<hr \/>\n<p style=\"text-align: center;\"><span style=\"font-size: x-large;\"><span style=\"color: #008000;\">1974 Ut ekke n&#8217;is van de dam!<\/span><\/span><\/p>\n<p>Prins: Jan van Essen (Prins Strienius II)<img loading=\"lazy\" decoding=\"async\" class=\"size-full wp-image-3987 alignright\" src=\"https:\/\/strienestad.nl\/wp-content\/uploads\/2023\/01\/1974-300-300-246x300-1.jpg\" alt=\"\" width=\"246\" height=\"300\" srcset=\"https:\/\/strienestad.nl\/wp-content\/uploads\/2023\/01\/1974-300-300-246x300-1.jpg 246w, https:\/\/strienestad.nl\/wp-content\/uploads\/2023\/01\/1974-300-300-246x300-1-150x183.jpg 150w\" sizes=\"auto, (max-width: 246px) 100vw, 246px\" \/><br \/>\nNar: Ad Vermeulen (De Nar meej de Bl\u00e0\u00e0uwe Snor)<br \/>\nJan Oorlog: Tiny van Meer<br \/>\nMussekoning: Kees Bosmans<br \/>\nDeftige Flodder: Peter van Drunen<br \/>\nMotto: Ut ekke n&#8217;is van de dam!<\/p>\n<p>Jeugdgevolg<br \/>\nPrinsje: Clemens Suykerbuyk<br \/>\nNarreke: Kees Vermeulen<br \/>\nMussekoninkje: Sjaan van Opdorp<br \/>\nLeutvrouwke: Dinny Jansen<\/p>\n<p><strong>REFREIN<\/strong><br \/>\n<strong>GOOIJ D\u2019OEW SJAGGERIJN MAR OPP\u2019N H\u00d2\u00d2P<br \/>\nZUURE SMOELE ZIJN D\u2018R ALTIJD NOG TE K\u00d2\u00d2P!<br \/>\nDA\u2019 GESJEIK MOTT MARR\u2019US UIT ZIJN<br \/>\nKR\u00c8G DE \u201cRAM BAM-BAM\u201d<br \/>\nERREMKES OM\u2019\u00d2\u00d2G<br \/>\nUT \u201cEKKE N\u2019IS VAN DE DAM!\u201d<\/strong><\/p>\n<p><strong>KOEPLET 1<\/strong><br \/>\nZIJ J\u2019OK EENERZJIE AON \u2019T SPAORE<br \/>\nK\u2019EMMER MUM ZAKKE N\u2019AL VAN VOL<br \/>\nEIJ J\u2019OK OUWE DWEILE G\u2019AMSTERD?<br \/>\nKUNNE ME SAOME N\u2019OP DE N\u2019OL!<br \/>\nUT ZIT WIR IN DE LOCHT,<br \/>\nEN WITTE WADD\u2019IK DOCHT?<br \/>\nT\u2019IS ALLEMAOL NOG ZONDER BON<br \/>\nW\u00c0\u00c0NT LEUT IS T\u2019ER GENOGT!<\/p>\n<p>Van de Carnavalsliedjes uit 1973, 1974 en 1975 is geen singeltje uitgebracht. Deze versie is een compilatie van de refreinen uit die jaren, ingezongen door De Nar meej de Bl\u00e0\u00e0uwe Snor (Ad Vermeulen).<\/p>\n<audio class=\"wp-audio-shortcode\" id=\"audio-65-5\" preload=\"none\" style=\"width: 100%;\" controls=\"controls\"><source type=\"audio\/mpeg\" src=\"\/wp-content\/uploads\/2016\/07\/1973-We-gooie-wir-oogen-ooge-1974-Ut-ekken-is-van-de-dam-1975-Wa-stik-mijn-n-bos-peeje.mp3?_=5\" \/><a href=\"\/wp-content\/uploads\/2016\/07\/1973-We-gooie-wir-oogen-ooge-1974-Ut-ekken-is-van-de-dam-1975-Wa-stik-mijn-n-bos-peeje.mp3\">\/wp-content\/uploads\/2016\/07\/1973-We-gooie-wir-oogen-ooge-1974-Ut-ekken-is-van-de-dam-1975-Wa-stik-mijn-n-bos-peeje.mp3<\/a><\/audio>\n<hr \/>\n<p style=\"text-align: center;\"><span style=\"font-size: x-large;\"><span style=\"color: #008000;\">1975 Wa stik mijn un bos peeje!<\/span><\/span><\/p>\n<p>Prins: Eling ten Hoope (Prins Lucas I)<img loading=\"lazy\" decoding=\"async\" class=\"size-full wp-image-3988 alignright\" src=\"https:\/\/strienestad.nl\/wp-content\/uploads\/2023\/01\/1975-300-300-178x300-1.jpg\" alt=\"\" width=\"178\" height=\"300\" srcset=\"https:\/\/strienestad.nl\/wp-content\/uploads\/2023\/01\/1975-300-300-178x300-1.jpg 178w, https:\/\/strienestad.nl\/wp-content\/uploads\/2023\/01\/1975-300-300-178x300-1-150x253.jpg 150w\" sizes=\"auto, (max-width: 178px) 100vw, 178px\" \/><br \/>\nNar: Ad Vermeulen (De Nar meej de Bl\u00e0\u00e0uwe Snor)<br \/>\nJan Oorlog: Tiny van Meer<br \/>\nMussekoning: Kees Bosmans<br \/>\nDeftige Flodder: Peter van Drunen<br \/>\nMotto: Wa stik mijn un bos peeje!<\/p>\n<p>Jeugdgevolg<br \/>\nPrinsje: Michel van Agtmaal<br \/>\nNarreke: Kees Vermeulen<br \/>\nMussekoninkje: Sjaan van Opdorp<br \/>\nLeutvrouwke: Dinny Jansen<\/p>\n<p><strong>KOEPLET 1<\/strong><br \/>\nOO\u2019 KIEDOOW<br \/>\n\u2019T IS WIR ZOOW<br \/>\nWE KRIJGE N\u2019UN PORSIE LEUT KEDOOW<br \/>\nENN\u2019 AZZ\u2019IK NOUW<br \/>\nUN FEESTJE BOUW<br \/>\nLEER IKK\u2019UT WIR LEKKER GAUW<\/p>\n<p><strong>KOEPLET 2<\/strong><br \/>\nAK DANN\u2019IN MUN ZAKSKE BLAAS<br \/>\nPIEPT A DD\u2019AS MEZIEK<br \/>\nOKK\u2019AL IZZ\u2019UT FEITELIJK<br \/>\nDUNNE\u2019N OP NE RIEK<\/p>\n<p><strong>REFREIN<br \/>\nMUN NEUZ&#8217;UIT, WA STIK MIJN&#8217;UN BOS MEEJ PEEJE NOUW.<br \/>\nGEBEETE WOR JE DEUR D&#8217;N ON OF DEUR DE KAT.<br \/>\nMEDD&#8217;ALLE N&#8217;INSPRAAK OUWE MN N&#8217;UT TOCH NIE DROOG<br \/>\nVAN BUITE N&#8217;EN VAN BINNE ZIJN ME NAT.<\/strong><\/p>\n<p>Van de Carnavalsliedjes uit 1973, 1974 en 1975 is geen singeltje uitgebracht. Deze versie is een compilatie van de refreinen uit die jaren, ingezongen door De Nar meej de Bl\u00e0\u00e0uwe Snor (Ad Vermeulen).<\/p>\n<audio class=\"wp-audio-shortcode\" id=\"audio-65-6\" preload=\"none\" style=\"width: 100%;\" controls=\"controls\"><source type=\"audio\/mpeg\" src=\"\/wp-content\/uploads\/2016\/07\/1973-We-gooie-wir-oogen-ooge-1974-Ut-ekken-is-van-de-dam-1975-Wa-stik-mijn-n-bos-peeje.mp3?_=6\" \/><a href=\"\/wp-content\/uploads\/2016\/07\/1973-We-gooie-wir-oogen-ooge-1974-Ut-ekken-is-van-de-dam-1975-Wa-stik-mijn-n-bos-peeje.mp3\">\/wp-content\/uploads\/2016\/07\/1973-We-gooie-wir-oogen-ooge-1974-Ut-ekken-is-van-de-dam-1975-Wa-stik-mijn-n-bos-peeje.mp3<\/a><\/audio>\n<hr \/>\n<p style=\"text-align: center;\"><span style=\"font-size: x-large;\"><span style=\"color: #008000;\">1976 Heej, speul j&#8217;ok meej!<\/span><\/span><\/p>\n<p>Prins: Eling ten Hoope (Prins Lucas I)<img loading=\"lazy\" decoding=\"async\" class=\"size-full wp-image-3989 alignright\" src=\"https:\/\/strienestad.nl\/wp-content\/uploads\/2023\/01\/1976-300-300-228x300-1.jpg\" alt=\"\" width=\"228\" height=\"300\" srcset=\"https:\/\/strienestad.nl\/wp-content\/uploads\/2023\/01\/1976-300-300-228x300-1.jpg 228w, https:\/\/strienestad.nl\/wp-content\/uploads\/2023\/01\/1976-300-300-228x300-1-150x197.jpg 150w\" sizes=\"auto, (max-width: 228px) 100vw, 228px\" \/><br \/>\nNar: Ad Vermeulen (De Nar meej de Bl\u00e0\u00e0uwe Snor)<br \/>\nJan Oorlog: Tiny van Meer<br \/>\nMussekoning: Kees Bosmans<br \/>\nDeftige Flodder: Kees de Jong<br \/>\nMotto: Heej, speul j&#8217;ok meej!<\/p>\n<p>Jeugdgevolg<br \/>\nPrinsje: Michel van Agtmaal<br \/>\nNarreke: Kees Vermeulen<br \/>\nJantje Oorlog: Leo Jumelet<br \/>\nMussekoninkje: Sjaan van Opdorp<br \/>\nDeftig Floddertje: Tonny Smout<br \/>\nLeutvrouwke: Dinny Jansen<\/p>\n<p><strong>REFREIN<br \/>\nHEEJ SPEUL J&#8217;OK MEEJ?<br \/>\nOP DE KERMIS VAN DE LEUT.<br \/>\nIK BEN GEWOON NIET MIR &#8216;T OUWE,<br \/>\nGA N&#8217;OK IS LEKKER MET MIJN SJOUWE.<br \/>\nIN DE MALLEMEULE VAN PLEZIER,<br \/>\nEN IN DE KROEGE VOLOP BIER.<br \/>\nWE DRAOGE WAOTER NAOR DE ZEEJ,<br \/>\nHEEJ, SPEUL J&#8217;OK MEEJ?<\/strong><\/p>\n<p><strong>KOEPLET 1<\/strong><br \/>\nVAN POLLETIEKE POPPEKAST, \u2018EBB IK MIJN BUIK AL VOL<br \/>\nIK GAON SUBIET MEEJ ALLEMAN VIER DAOGE AON DE ROL<br \/>\nVIER DAOGE AON DE ROL<\/p>\n<p><strong>KOEPLET 2<\/strong><br \/>\nHEJJE NET AS IK DE KRIEBUL AL, NAUW DAT KOMT DAN GOED UIT<br \/>\nDAN GAON WE SAME NAOR UT BAL, MEEJ FEESTNEUS EN EEN FLUIT<br \/>\nMEEJ FEESTNEUS EN EEN FLUIT<\/p>\n<audio class=\"wp-audio-shortcode\" id=\"audio-65-7\" preload=\"none\" style=\"width: 100%;\" controls=\"controls\"><source type=\"audio\/mpeg\" src=\"\/wp-content\/uploads\/2016\/07\/1976-Heej-speul-jok-meej.mp3?_=7\" \/><a href=\"\/wp-content\/uploads\/2016\/07\/1976-Heej-speul-jok-meej.mp3\">\/wp-content\/uploads\/2016\/07\/1976-Heej-speul-jok-meej.mp3<\/a><\/audio>\n<hr \/>\n<p style=\"text-align: center;\"><span style=\"font-size: x-large;\"><span style=\"color: #008000;\">1977 Vusiere zumme&#8217; nut!<\/span><\/span><\/p>\n<p>Prins: Eling ten Hoope (Prins Lucas I)<img loading=\"lazy\" decoding=\"async\" class=\"size-full wp-image-3990 alignright\" src=\"https:\/\/strienestad.nl\/wp-content\/uploads\/2023\/01\/1977-300-300-290x300-1.jpg\" alt=\"\" width=\"290\" height=\"300\" srcset=\"https:\/\/strienestad.nl\/wp-content\/uploads\/2023\/01\/1977-300-300-290x300-1.jpg 290w, https:\/\/strienestad.nl\/wp-content\/uploads\/2023\/01\/1977-300-300-290x300-1-150x155.jpg 150w\" sizes=\"auto, (max-width: 290px) 100vw, 290px\" \/><br \/>\nNar: Ad Vermeulen (De Nar meej de Bl\u00e0\u00e0uwe Snor)<br \/>\nJan Oorlog: Tiny van Meer<br \/>\nMussekoning: Dries van Renssen<br \/>\nDeftige Flodder: Jack Mol<br \/>\nMotto: Vusiere zumme&#8217; nut!<\/p>\n<p>Jeugdgevolg<br \/>\nPrinsje: Michel van Agtmaal<br \/>\nNarreke: Marcel Dam<br \/>\nJantje Oorlog: Leo Jumelet<br \/>\nMussekoninkje: Mark Koenraadt<br \/>\nDeftig Floddertje: Tonny Smout<br \/>\nLeutvrouwke: Lizet van de bogaert<\/p>\n<p><strong>REFREIN<br \/>\nWE ZIJN NIE GAAUW TUVREE-JE<br \/>\nIN N\u2019ONZE STRIENESTAD<br \/>\nWE WILLE ALTIJD BEETUR<br \/>\nWE WILLE WELLIS WAT<br \/>\nMAOR NAAUW WE \u2019T GAON VURSIERE<br \/>\nZET T\u2019IK M\u2019N MASKE N\u2019OP<br \/>\nIK ZET DAN AS \u2018ET EFFE KAN<br \/>\nDE ZAOK WIR R\u2019OP Z\u2019N KOP<\/strong><\/p>\n<p><strong>KOEPLET 1<\/strong><br \/>\nDRIE TONNE KREEGE WE ZO MAR<br \/>\nVURSIERE ZUMME\u2019NUT<br \/>\nDAOR WAORE ME DAN OK MEEJ KLAOR<br \/>\nVURSIERE ZUMME\u2019NUT<br \/>\nWE KREEGE N\u2019OK UN MOOI-JE STOEP<br \/>\nVURSIERE ZUMME\u2019NUT<br \/>\nDAOROP ZIT AL \u2018ONDEPOEP<br \/>\nVURSIERE ZUMME\u2019NUT<\/p>\n<p><strong>KOEPLET 2<\/strong><br \/>\nWA GAON ZE DOEN MEE J\u2019ONZE VLIET<br \/>\nVURSIERE ZUMME\u2019NUT<br \/>\nDEUR \u2019T VUIL ZIEN WE \u2018ET WAOTER NIE<br \/>\nVURSIERE ZUMME\u2019NUT<br \/>\nIN ZUID ZIJN WE BEKAANT T\u2019AL KLAOR<br \/>\nVURSIERE ZUMME\u2019NUT<br \/>\nHUPPEKEEJ NAOR NOORD DAN MAOR<br \/>\nVURSIERE ZUMME\u2019NUT<\/p>\n<audio class=\"wp-audio-shortcode\" id=\"audio-65-8\" preload=\"none\" style=\"width: 100%;\" controls=\"controls\"><source type=\"audio\/mpeg\" src=\"\/wp-content\/uploads\/2016\/07\/1977-Vursiere-zummen-ut.mp3?_=8\" \/><a href=\"\/wp-content\/uploads\/2016\/07\/1977-Vursiere-zummen-ut.mp3\">\/wp-content\/uploads\/2016\/07\/1977-Vursiere-zummen-ut.mp3<\/a><\/audio>\n<hr \/>\n<p style=\"text-align: center;\"><span style=\"font-size: x-large;\"><span style=\"color: #008000;\">1978 Op mun eige n&#8217;outje!<\/span><\/span><\/p>\n<p>Prins: Eling ten Hoope (Prins Lucas I)<img loading=\"lazy\" decoding=\"async\" class=\"size-medium wp-image-3991 alignright\" src=\"https:\/\/strienestad.nl\/wp-content\/uploads\/2023\/01\/1978-300-300-300x300-1-300x300.jpg\" alt=\"\" width=\"300\" height=\"300\" srcset=\"https:\/\/strienestad.nl\/wp-content\/uploads\/2023\/01\/1978-300-300-300x300-1.jpg 300w, https:\/\/strienestad.nl\/wp-content\/uploads\/2023\/01\/1978-300-300-300x300-1-150x150.jpg 150w\" sizes=\"auto, (max-width: 300px) 100vw, 300px\" \/><br \/>\nNar: Ad Vermeulen (De Nar meej de Bl\u00e0\u00e0uwe Snor)<br \/>\nJan Oorlog: Tiny van Meer<br \/>\nMussekoning: Dries van Renssen<br \/>\nDeftige Flodder: Jack Mol<br \/>\nMotto: Op mun eige n&#8217;outje!<\/p>\n<p>Jeugdgevolg<br \/>\nPrinsje: Kees Willegers<br \/>\nNarreke: Marcel Dam<br \/>\nJantje Oorlog: Kees Everaert<br \/>\nMussekoninkje: Mark Koenraadt<br \/>\nDeftig Floddertje: Jos Timmermans<br \/>\nLeutvrouwke: Lizet van de bogaert<\/p>\n<p><strong>REFREIN<br \/>\nIK BEN GIN POPPEKE, AON \u2019N TOUWKE<br \/>\nDWEILE ZIT ME IN \u2018ET BLOED.<br \/>\nMEE \u2019N PILSKE IN M\u2019N KLAUWKE<br \/>\nEN \u2019N GLIMLACH ROND M\u2019N TOET<br \/>\nDAN BEN IK, NOG LANG GIN OUDJE,<br \/>\nAS IK DE MEZIEK WIR HOOR<br \/>\nDWEIL IK OP M\u2019N EIGE N\u2019OUTJE<br \/>\nEN IK GAON D\u2019R STEEDS MEE DOOR. <\/strong><\/p>\n<p><strong>KOEPLET 1<\/strong><br \/>\nWE MOTTEN \u2018ET VOR \u2018ET EERST, ZONDER D\u2019N BURGER DOEN,<br \/>\nWAANT ONZE EIGE JAN, DIE GING MET Z\u2019N PENSIOEN.<br \/>\nIK MOT DUS DEEZE KIR, OP EIGE BEENE STAON,<br \/>\nEN ZAL DAN ZOGEZEED, OP MUM EIGE N\u2019OUTJE GAON.<\/p>\n<p>NEE! NEE! NEE!<\/p>\n<p><strong>KOEPLET 2<\/strong><br \/>\nAS IK DAN PIEREWAAI, DEUR ZOO\u2019NE ZAOL MEE LEUT,<br \/>\nDAN HEB IK ZO M\u2019N DRAAI, EN WOR IN G\u2019EEL NIE TEUT.<br \/>\nEN ASJE MIJN ZIET GAON, DAN ZOEKT\u2019ET ZELF MAR UIT.<br \/>\nIK BEN IN STRIENESTAD, OP MUN EIGE N\u2019OUTJE UIT.<\/p>\n<audio class=\"wp-audio-shortcode\" id=\"audio-65-9\" preload=\"none\" style=\"width: 100%;\" controls=\"controls\"><source type=\"audio\/mpeg\" src=\"\/wp-content\/uploads\/2016\/07\/1978-Op-mun-eigenoutje.mp3?_=9\" \/><a href=\"\/wp-content\/uploads\/2016\/07\/1978-Op-mun-eigenoutje.mp3\">\/wp-content\/uploads\/2016\/07\/1978-Op-mun-eigenoutje.mp3<\/a><\/audio>\n<hr \/>\n<p style=\"text-align: center;\"><span style=\"font-size: x-large;\"><span style=\"color: #008000;\">1979 Bekijk &#8217;t mar!<\/span><\/span><\/p>\n<p>Prins: Eling ten Hoope (Prins Lucas I)<img loading=\"lazy\" decoding=\"async\" class=\"size-full wp-image-3992 alignright\" src=\"https:\/\/strienestad.nl\/wp-content\/uploads\/2023\/01\/1979-300-300-300x298-1.jpg\" alt=\"\" width=\"300\" height=\"298\" srcset=\"https:\/\/strienestad.nl\/wp-content\/uploads\/2023\/01\/1979-300-300-300x298-1.jpg 300w, https:\/\/strienestad.nl\/wp-content\/uploads\/2023\/01\/1979-300-300-300x298-1-150x149.jpg 150w\" sizes=\"auto, (max-width: 300px) 100vw, 300px\" \/><br \/>\nNar: Ad Vermeulen (De Nar meej de Bl\u00e0\u00e0uwe Snor)<br \/>\nJan Oorlog: Guust Brouwers<br \/>\nMussekoning: Dries van Renssen<br \/>\nDeftige Flodder: Jack Mol<br \/>\nMotto: Bekijk &#8217;t mar!<\/p>\n<p>Jeugdgevolg<br \/>\nPrinsje: Kees Willegers<br \/>\nNarreke: Jeroen Bouwens<br \/>\nJantje Oorlog: Kees Everaert<br \/>\nMussekoninkje: Martin Vree<br \/>\nDeftig Floddertje: Jos Timmermans<br \/>\nLeutvrouwke: Yolanda Willegers<\/p>\n<p><strong>REFREIN<\/strong><br \/>\n<strong>VRIJF J\u2019OGE \u2018ES UIT, \u2019T IS OSSE VORUIT<br \/>\nBEKEK UT MAR \u2018ES VAN DE GOEIE KAANT<br \/>\nMEEJ BRILLEKUS OP, \u2019N LAAMP OP JE KOP<br \/>\nDAN LOP JE MAR JE NUSKE N\u2019ACHTEROP<br \/>\nEN JUUK UT AON JE OOGE AS ZE OPE BLIJVE STAON<br \/>\nDAN EJJAL EEL WA DWEILE AON JE NEUS VORBIJ ZIEN GAON.<br \/>\nBEKEK UT MAR WEER EN KNIPOOG \u2019N KEER<br \/>\nMEE KARNAVAL DAN ZIE JE ZUVVEL MEER<\/strong><\/p>\n<p><strong>KOEPLET 1<\/strong><br \/>\nZE WAREN LAATST IN STRIENESTAD AAN \u2019T VROETE IN DE GROND<br \/>\nDE POTTE EN DE BOTTE VLOGEN METERS IN \u2019T ROND<br \/>\nZE BLEKE DAOR TE ZOEKE NAAR UT OUWE VAN DE STAD<br \/>\nEN VONDEN EEN SKELET DAT VROEGER RUGGEKLACHTE AT.<\/p>\n<p><strong>KOEPLET 2<\/strong><br \/>\nOK IN DE VEERWEG, DAOR IN NOORD WORDT EEL WA AFGESJOUWD<br \/>\nZE ZETTE EEL VEUL UIZE DAOR, DA WOR WEL VOLGEBOUWD<br \/>\nEN VLAK DAARBIJ DAOR KOMT ER NOG EEN REKREASIESTAD<br \/>\nVOOR SPORTE BINNE, BUITE EN EEN GROOT INSTRUKTIEBAD.<\/p>\n<audio class=\"wp-audio-shortcode\" id=\"audio-65-10\" preload=\"none\" style=\"width: 100%;\" controls=\"controls\"><source type=\"audio\/mpeg\" src=\"\/wp-content\/uploads\/2016\/07\/1979-Bekijk-ut-mar.mp3?_=10\" \/><a href=\"\/wp-content\/uploads\/2016\/07\/1979-Bekijk-ut-mar.mp3\">\/wp-content\/uploads\/2016\/07\/1979-Bekijk-ut-mar.mp3<\/a><\/audio>\n","protected":false},"excerpt":{"rendered":"<p>1970 We staon all&#8217;op scherp! Prins: Jan van Essen (Prins Strienius II) Nar: Gerard Krijnen Jan Oorlog: Tiny van Meer Mussekoning: Jack de Regt Deftige Flodder: Jack van Terheyden Motto: [&hellip;]<\/p>\n","protected":false},"author":1,"featured_media":0,"parent":0,"menu_order":0,"comment_status":"closed","ping_status":"closed","template":"","meta":{"footnotes":""},"class_list":["post-65","page","type-page","status-publish"],"_links":{"self":[{"href":"https:\/\/strienestad.nl\/index.php?rest_route=\/wp\/v2\/pages\/65","targetHints":{"allow":["GET"]}}],"collection":[{"href":"https:\/\/strienestad.nl\/index.php?rest_route=\/wp\/v2\/pages"}],"about":[{"href":"https:\/\/strienestad.nl\/index.php?rest_route=\/wp\/v2\/types\/page"}],"author":[{"embeddable":true,"href":"https:\/\/strienestad.nl\/index.php?rest_route=\/wp\/v2\/users\/1"}],"replies":[{"embeddable":true,"href":"https:\/\/strienestad.nl\/index.php?rest_route=%2Fwp%2Fv2%2Fcomments&post=65"}],"version-history":[{"count":2,"href":"https:\/\/strienestad.nl\/index.php?rest_route=\/wp\/v2\/pages\/65\/revisions"}],"predecessor-version":[{"id":4944,"href":"https:\/\/strienestad.nl\/index.php?rest_route=\/wp\/v2\/pages\/65\/revisions\/4944"}],"wp:attachment":[{"href":"https:\/\/strienestad.nl\/index.php?rest_route=%2Fwp%2Fv2%2Fmedia&parent=65"}],"curies":[{"name":"wp","href":"https:\/\/api.w.org\/{rel}","templated":true}]}}