{"id":63,"date":"2016-07-02T13:16:52","date_gmt":"2016-07-02T11:16:52","guid":{"rendered":"http:\/\/sks-steenbergen.nl\/?page_id=63"},"modified":"2024-02-20T08:03:22","modified_gmt":"2024-02-20T07:03:22","slug":"1960-1969","status":"publish","type":"page","link":"https:\/\/strienestad.nl\/?page_id=63","title":{"rendered":"1960-1969"},"content":{"rendered":"<p style=\"text-align: center;\"><span style=\"color: #008000; font-size: x-large;\">1960 &#8217;t zit wel snor!<\/span><\/p>\n<p>Prins: Louis Vlamings\u00a0(Snorius I)<br \/>\nMotto op het snorrebal: &#8217;t zit wel snor<img loading=\"lazy\" decoding=\"async\" class=\" wp-image-26 alignright\" src=\"https:\/\/strienestad.nl\/wp-content\/uploads\/2022\/05\/profile-image-ig-page-skssteenbergen-300x300.jpg\" alt=\"\" width=\"225\" height=\"225\" srcset=\"https:\/\/strienestad.nl\/wp-content\/uploads\/2022\/05\/profile-image-ig-page-skssteenbergen-300x300.jpg 300w, https:\/\/strienestad.nl\/wp-content\/uploads\/2022\/05\/profile-image-ig-page-skssteenbergen-1024x1024.jpg 1024w, https:\/\/strienestad.nl\/wp-content\/uploads\/2022\/05\/profile-image-ig-page-skssteenbergen-150x150.jpg 150w, https:\/\/strienestad.nl\/wp-content\/uploads\/2022\/05\/profile-image-ig-page-skssteenbergen-768x768.jpg 768w, https:\/\/strienestad.nl\/wp-content\/uploads\/2022\/05\/profile-image-ig-page-skssteenbergen-696x696.jpg 696w, https:\/\/strienestad.nl\/wp-content\/uploads\/2022\/05\/profile-image-ig-page-skssteenbergen-1068x1068.jpg 1068w, https:\/\/strienestad.nl\/wp-content\/uploads\/2022\/05\/profile-image-ig-page-skssteenbergen.jpg 1080w\" sizes=\"auto, (max-width: 225px) 100vw, 225px\" \/><\/p>\n<p><strong>Snorrelied<\/strong><br \/>\n<strong> Wie et de mooiste snor van deze avond<\/strong><br \/>\n<strong> en laot um dan us zien.<\/strong><br \/>\n<strong> &#8217;t lek wel een vliegmesjien<\/strong><br \/>\n<strong> Wie et de mooiste snor van deze avond<\/strong><br \/>\n<strong> we zijn nog lang nie klaor<\/strong><br \/>\n<strong> Want we zijn net alf gaor<\/strong><\/p>\n<p>De eerste optocht was op 29 februari 1960.<br \/>\nEerste prinsewagen: bovenop de groente wagen van Piet van de Zande, Groentehandel, Kleine kerkstraat.<br \/>\nEen karnaval zonder motto of insigne, wel met prins Strienius I(Louis Vlamings) en nar (Frans La Fors)<\/p>\n<p>De boerenraad bestond uit elluf en een halve man, Boer elluf en een halluf (Peter van der Zande).<\/p>\n<hr \/>\n<p style=\"text-align: center;\"><span style=\"color: #008000; font-size: x-large;\">1961 En gaa&#8217;de n&#8217;ok naor de maan!<\/span><\/p>\n<p>Prins: Louis Vlamings (Strienius I)<img loading=\"lazy\" decoding=\"async\" class=\"size-full wp-image-3974 alignright\" src=\"https:\/\/strienestad.nl\/wp-content\/uploads\/2023\/01\/1961-300-300-263x300-1.jpg\" alt=\"\" width=\"263\" height=\"300\" srcset=\"https:\/\/strienestad.nl\/wp-content\/uploads\/2023\/01\/1961-300-300-263x300-1.jpg 263w, https:\/\/strienestad.nl\/wp-content\/uploads\/2023\/01\/1961-300-300-263x300-1-150x171.jpg 150w\" sizes=\"auto, (max-width: 263px) 100vw, 263px\" \/><br \/>\nNar: Frans La Fors<br \/>\nMotto: En gaa&#8217;de n&#8217;ok naor de maan!<\/p>\n<p><strong>Koeplet 1<\/strong><br \/>\nAl gaon we ok naor de maon blef dan nie staon<br \/>\nWant ik gaon eerst nog \u2019n g\u00e8\u00e8f stukske dweile<br \/>\nVan Krijnen af naor ut Sas deur de kaai<br \/>\nEn a\u2019k mar droog op de maon mag verzeile<br \/>\nDan krij \u2018k m\u2019n slinger en he\u2019k pas m\u2019n draai.<\/p>\n<p><strong>Refrein:<\/strong><br \/>\n<strong>Want \u2026 met \u2026un oeltje-boeltje-manekroeltje<\/strong><br \/>\n<strong>Leutig-vastelavet-smoeltje neem ik stiekum wat leut aon de toag<\/strong><br \/>\n<strong>un oeltje-boeltje-manekroeltje leutig-vastelavet-smoeltje<\/strong><br \/>\n<strong>Stik ok d\u2019r dweil en d\u2019r ermkes om\u2019oog.<\/strong><\/p>\n<p><strong>Koeplet 2<\/strong><br \/>\nWant ik gaon eerst nog \u2019n g\u00e8\u00e8f stukske dweile<br \/>\nVan Krijnen af naor ut Sas deur de kaai<br \/>\nEn a\u2019k mar droog op de maon mag verzeile<br \/>\nDan krij \u2018k m\u2019n slinger en he\u2019k pas m\u2019n draai.<\/p>\n<audio class=\"wp-audio-shortcode\" id=\"audio-63-1\" preload=\"none\" style=\"width: 100%;\" controls=\"controls\"><source type=\"audio\/mpeg\" src=\"\/wp-content\/uploads\/2016\/07\/1961-En-gaod-dok-naor-de-maon.mp3?_=1\" \/><a href=\"\/wp-content\/uploads\/2016\/07\/1961-En-gaod-dok-naor-de-maon.mp3\">\/wp-content\/uploads\/2016\/07\/1961-En-gaod-dok-naor-de-maon.mp3<\/a><\/audio>\n<hr \/>\n<p style=\"text-align: center;\"><span style=\"color: #008000; font-size: x-large;\">1962 Ut word&#8217;un beesteboel!<\/span><\/p>\n<p>Prins: Louis Vlamings (Strienius I)<img loading=\"lazy\" decoding=\"async\" class=\"size-full wp-image-3975 alignright\" src=\"https:\/\/strienestad.nl\/wp-content\/uploads\/2023\/01\/1962-300-300-286x300-1.jpg\" alt=\"\" width=\"286\" height=\"300\" srcset=\"https:\/\/strienestad.nl\/wp-content\/uploads\/2023\/01\/1962-300-300-286x300-1.jpg 286w, https:\/\/strienestad.nl\/wp-content\/uploads\/2023\/01\/1962-300-300-286x300-1-150x157.jpg 150w\" sizes=\"auto, (max-width: 286px) 100vw, 286px\" \/><br \/>\nNar: Frans La Fors<br \/>\nMotto: Ut word&#8217;un beesteboel!<\/p>\n<p><strong>KOEPLET 1<\/strong><br \/>\nZ\u00c8G, WITTE NOUW WADD\u2019K VOEL?<br \/>\nUT WORD\u2019UN BEESTE-BOEL!! \u2026. W\u00c1\u00c1NT:<\/p>\n<p>AZZ\u2018IK ZIT TE PEURE IN MUN PLASKE AON DE W\u00c8\u00c8L,<br \/>\nBL\u00c8FT\u2019UR VAN MUN PIEREWURM UN MIETERS BIETJE N\u2019\u00c9\u00c9L;<br \/>\nG\u00c8\u00c8N SCHOLLEKE EN G\u00c8\u00c8N BUKKUM ZIED\u2019ANGE AON MUN LIJN,<br \/>\nEN WORR\u2019UT NOUW UN BEESTE-BOEL\u2026 DAN LETT\u2019UT NIE AON MIJN!!<\/p>\n<p><strong>REFREIN<br \/>\nD\u00c0\u00c0NST \u2018US MEDD\u2019OEW EIGE, AZZ\u2019UN MA\u00c8RTSE KAT,<br \/>\nMAK WA BOKKESPRONGE, MAR DOE T\u2019A NIE TE NAT!<br \/>\nAZZ\u2019UN OUWE KLEPPER, SLAAN IK OP DE N\u2019OL<br \/>\nEN MAK \u201cBEESTIG-VEUL\u201d LOL!&#8230;<\/strong><\/p>\n<audio class=\"wp-audio-shortcode\" id=\"audio-63-2\" preload=\"none\" style=\"width: 100%;\" controls=\"controls\"><source type=\"audio\/mpeg\" src=\"\/wp-content\/uploads\/2016\/07\/1962-Ut-wor-dun-beesteboel.mp3?_=2\" \/><a href=\"\/wp-content\/uploads\/2016\/07\/1962-Ut-wor-dun-beesteboel.mp3\">\/wp-content\/uploads\/2016\/07\/1962-Ut-wor-dun-beesteboel.mp3<\/a><\/audio>\n<hr \/>\n<p style=\"text-align: center;\"><span style=\"color: #008000; font-size: x-large;\">1963 De boer op!<\/span><\/p>\n<p>Prins: Jan Jansen (Prins Merein I)<img loading=\"lazy\" decoding=\"async\" class=\"size-full wp-image-3976 alignright\" src=\"https:\/\/strienestad.nl\/wp-content\/uploads\/2023\/01\/1963-300-300-239x300-1.jpg\" alt=\"\" width=\"239\" height=\"300\" srcset=\"https:\/\/strienestad.nl\/wp-content\/uploads\/2023\/01\/1963-300-300-239x300-1.jpg 239w, https:\/\/strienestad.nl\/wp-content\/uploads\/2023\/01\/1963-300-300-239x300-1-150x188.jpg 150w\" sizes=\"auto, (max-width: 239px) 100vw, 239px\" \/><br \/>\nNar: Frans La Fors<br \/>\nJan Oorlog: Ad Vermeulen<br \/>\nMussekoning: Toon van Drunen<br \/>\nDeftige Flodder: Fons van Sprundel<br \/>\nMotto: De boer op!<\/p>\n<p><strong>KOEPLET 1<\/strong><br \/>\nTOEN \u2018K DE KRIEBEL VOELDE KOMME<br \/>\nWAZZ\u2019IK BANG DAT \u2019T NIE MEER GING<br \/>\nOMDA\u2019K \u2018EEL UT JAAR DEUR MEMME LIJF<br \/>\nIN \u2018T ,,KUL-TE-REELE\u2019\u2019 STING.<br \/>\nKEK WE SPEULE OK AL TENNIS<br \/>\nW\u2019EMMEN UN \u2019\u00c8\u00c8L MOOI \u2019ERTEK\u00c0\u00c0MP<br \/>\nMAAR ONS STEENBERREGSE ZWEMBAD<br \/>\nNOU: DA\u2019S ONDER\u00c0NT UN R\u00c0\u00c0MP.<\/p>\n<p><strong>REFREIN<br \/>\nE\u00c9 WE GAAN DE BOER MAR OP<br \/>\nAL PLOEGE Z\u2019ALLE STRAOTEN OP<br \/>\nNIM WA ,,MIS\u2019\u2019, MAR NIET TE DRAOG<br \/>\nJE KUNN\u2019ET KRIJGE AAN DE TAOG!<\/strong><\/p>\n<p><strong>KOEPLET 2<\/strong><br \/>\nTOEN \u2018K DE KRIEBEL VOELDE KOMME<br \/>\nWAZZ\u2019IK BANG DAT \u2019T NIE MEER GING<br \/>\nOMDA\u2019K \u2018EEL UT JAAR DEUR MEMME LIJF<br \/>\nIN \u2018T ,,KUL-TE-REELE\u2019\u2019 STING.<br \/>\nKEK WE SPEULE OK AL TENNIS<br \/>\nW\u2019EMMEN UN \u2019\u00c8\u00c8L MOOI \u2019ERTEK\u00c0\u00c0MP<br \/>\nMAAR ONS STEENBERREGSE ZWEMBAD<br \/>\nNOU: DA\u2019S ONDER\u00c0NT UN R\u00c0\u00c0MP.<\/p>\n<audio class=\"wp-audio-shortcode\" id=\"audio-63-3\" preload=\"none\" style=\"width: 100%;\" controls=\"controls\"><source type=\"audio\/mpeg\" src=\"\/wp-content\/uploads\/2016\/07\/1963-We-gaon-de-boer-op.mp3?_=3\" \/><a href=\"\/wp-content\/uploads\/2016\/07\/1963-We-gaon-de-boer-op.mp3\">\/wp-content\/uploads\/2016\/07\/1963-We-gaon-de-boer-op.mp3<\/a><\/audio>\n<hr \/>\n<p style=\"text-align: center;\"><span style=\"color: #008000; font-size: x-large;\">1964 We rolle deur de leut!<\/span><\/p>\n<p>Prins: Jan Jansen (Prins Merein I)<img loading=\"lazy\" decoding=\"async\" class=\"size-full wp-image-3977 alignright\" src=\"https:\/\/strienestad.nl\/wp-content\/uploads\/2023\/01\/1964-300-300-297x300-1.jpg\" alt=\"\" width=\"297\" height=\"300\" srcset=\"https:\/\/strienestad.nl\/wp-content\/uploads\/2023\/01\/1964-300-300-297x300-1.jpg 297w, https:\/\/strienestad.nl\/wp-content\/uploads\/2023\/01\/1964-300-300-297x300-1-150x152.jpg 150w\" sizes=\"auto, (max-width: 297px) 100vw, 297px\" \/><br \/>\nNar: Bert van Drunen<br \/>\nJan Oorlog: Ad Vermeulen<br \/>\nMussekoning: Toon van Drunen<br \/>\nDeftige Flodder: Jan van Drunen<br \/>\nMotto: We rolle deur de leut!<\/p>\n<p><strong>KOEPLET 1<\/strong><br \/>\nA\u2019ZIJN WE TEUT, WE NEMEN UN NEUT,<br \/>\nWE ROLLE\u2019 DEUR DE LEUT.<br \/>\nDE PRIJS OM\u2019OOG, WE STAON NIE DROOG,<br \/>\nWE \u2018ANGEN AON DE TOAG.<br \/>\nEN D\u2019R IS VERKEERD GETELD, \u2019T KLEEDLOKAAL KOST NOGAL GELD.<\/p>\n<p><strong>REFREIN<br \/>\nA\u2019ME ROLLE GAON MEE\u2019ONS SCHETSEN AON<br \/>\nPAS OP VOR UT BORD OPDOOI.<br \/>\nMAR NOU KOMM\u2019UT VOR MEKAOR.<br \/>\nWANT UT WACHT OP KOMMET JAOR<br \/>\nVASTELAVET-GEK ZOEK NOU JE PLEK<br \/>\nANDERS KOMM JE VU\u2019TTE LAOT,<br \/>\nWANT ONS ZIEKENHUIS IS PER ABUIS<br \/>\nUN MOOJ BEJAORDEN\u2019UIS<br \/>\nNOU NIE OP \u2019N \u00c0\u00c0NDER GAON,<br \/>\nLAOT DE BUS MAOR STAON!.<\/strong><\/p>\n<audio class=\"wp-audio-shortcode\" id=\"audio-63-4\" preload=\"none\" style=\"width: 100%;\" controls=\"controls\"><source type=\"audio\/mpeg\" src=\"\/wp-content\/uploads\/2016\/07\/1964-We-rolle-deur-de-leut.mp3?_=4\" \/><a href=\"\/wp-content\/uploads\/2016\/07\/1964-We-rolle-deur-de-leut.mp3\">\/wp-content\/uploads\/2016\/07\/1964-We-rolle-deur-de-leut.mp3<\/a><\/audio>\n<hr \/>\n<p style=\"text-align: center;\"><span style=\"color: #008000; font-size: x-large;\">1965 De rem d&#8217;r op!<\/span><\/p>\n<p>Prins: Cees Mank (Prins Corneel I)<img loading=\"lazy\" decoding=\"async\" class=\"size-full wp-image-3978 alignright\" src=\"https:\/\/strienestad.nl\/wp-content\/uploads\/2023\/01\/1965-300-300-268x300-1.jpg\" alt=\"\" width=\"268\" height=\"300\" srcset=\"https:\/\/strienestad.nl\/wp-content\/uploads\/2023\/01\/1965-300-300-268x300-1.jpg 268w, https:\/\/strienestad.nl\/wp-content\/uploads\/2023\/01\/1965-300-300-268x300-1-150x168.jpg 150w\" sizes=\"auto, (max-width: 268px) 100vw, 268px\" \/><br \/>\nNar: Bert van Drunen<br \/>\nJan Oorlog: Karel Franken<br \/>\nMussekoning: Toon van Drunen<br \/>\nDeftige Flodder: Jan van Drunen<br \/>\nMotto: De rem d&#8217;r op!<\/p>\n<p><strong>KOEPLET 1<\/strong><br \/>\nD\u2019REM D\u2019R OP; IZZ\u2019UT NIE\u2019 VR\u00c8\u00c8T?<br \/>\n\u2019T DEUGT\u2019ER NIE, K\u2019WOR STINKEND \u2018\u00c8\u00c8T!<br \/>\n\u201cSTIEMELEERE\u201d ZE DA\u2019 NOUW:<br \/>\nDAN STAON WE STRAK G\u00c8\u00c8F IN DE KOUW!<\/p>\n<p><strong>REFREIN<br \/>\nLATT\u2019ONS MAR KRUUMELE<br \/>\nLATT\u2019ONS MAR SJOUWE,<br \/>\nALL\u2019EMME NOG G\u00c8\u00c8N ZAAL,<br \/>\nWE MOTTE DEUR-GAON-DOUWE\u2026 WIS-WA-ZEE!<br \/>\nDE REM D\u2019R AF! DOUW D\u2019OKKE\u2019ES MEE!<\/strong><\/p>\n<audio class=\"wp-audio-shortcode\" id=\"audio-63-5\" preload=\"none\" style=\"width: 100%;\" controls=\"controls\"><source type=\"audio\/mpeg\" src=\"\/wp-content\/uploads\/2016\/07\/1965-De-rem-dr-op.mp3?_=5\" \/><a href=\"\/wp-content\/uploads\/2016\/07\/1965-De-rem-dr-op.mp3\">\/wp-content\/uploads\/2016\/07\/1965-De-rem-dr-op.mp3<\/a><\/audio>\n<hr \/>\n<p style=\"text-align: center;\"><span style=\"color: #008000; font-size: x-large;\">1966 Uitbreije!<\/span><\/p>\n<p>Prins: Cees Mank (Prins Corneel I)<img loading=\"lazy\" decoding=\"async\" class=\"size-full wp-image-3979 alignright\" src=\"https:\/\/strienestad.nl\/wp-content\/uploads\/2023\/01\/1966-300-300-273x300-1.jpg\" alt=\"\" width=\"273\" height=\"300\" srcset=\"https:\/\/strienestad.nl\/wp-content\/uploads\/2023\/01\/1966-300-300-273x300-1.jpg 273w, https:\/\/strienestad.nl\/wp-content\/uploads\/2023\/01\/1966-300-300-273x300-1-150x165.jpg 150w\" sizes=\"auto, (max-width: 273px) 100vw, 273px\" \/><br \/>\nNar: Bert van Drunen<br \/>\nJan Oorlog: Tiny van Meer<br \/>\nMussekoning: Kees van Tiggelen<br \/>\nDeftige Flodder: Jan van Drunen<br \/>\nMotto: Uitbreije!<\/p>\n<p><strong>REFREIN<br \/>\nJA, IK ZIJN D\u2019R BIJ<br \/>\nOM TE GAON PLONZE N\u2019IN DE BRIJ,<br \/>\n\u2018EEL DE POLLETIEK OPZIJ!<br \/>\n\u2018K ZIJN DE \u201cLEUTER-LEUT-P\u2019RTIJ\u201d<br \/>\nZET DE BLOM\u2019KES BUITE\u2026<br \/>\nW\u2019EBBE WIR UN NUUWE STRAOT<br \/>\nZOLANG DE LEUTPIL IN DE BREI-POT STAOT!<\/strong><\/p>\n<p><strong>KOEPLET 1<\/strong><br \/>\nMUN KIELTJE N\u2019IS PAS BL\u00c0\u00c0UW GEMAKT,<br \/>\nMUN SMOELTJE NOG NIE\u2019AFGEZAKT,<br \/>\nWE GAON WIRR\u2019APPE N\u2019IN DE NUUWE LEUT;<br \/>\nAL ZITTE ME N\u2019INN\u2019UN \u2018\u00c8\u00c8L KWAAJ GAT,<br \/>\nMEEJ \u2018ONS BEGRAOTING OP DE MAT,<br \/>\nSJAGGERIJN;<br \/>\nGEEN FLUIT!<br \/>\nMUN NEUS! \u2026 ME BREIJE N\u2019UIT!<\/p>\n<p><strong>REFREIN<br \/>\nJA, IK ZIJN D\u2019R BIJ<br \/>\nOM TE GAON PLONZE N\u2019IN DE BRIJ,<br \/>\n\u2018EEL DE POLLETIEK OPZIJ!<br \/>\n\u2018K ZIJN DE \u201cLEUTER-LEUT-P\u2019RTIJ\u201d<br \/>\nZET DE BLOM\u2019KES BUITE\u2026<br \/>\nW\u2019EBBE WIR UN NUUWE STRAOT<br \/>\nZOLANG DE LEUTPIL IN DE BREI-POT STAOT!<\/strong><\/p>\n<audio class=\"wp-audio-shortcode\" id=\"audio-63-6\" preload=\"none\" style=\"width: 100%;\" controls=\"controls\"><source type=\"audio\/mpeg\" src=\"\/wp-content\/uploads\/2016\/07\/1966-Uitbreije.mp3?_=6\" \/><a href=\"\/wp-content\/uploads\/2016\/07\/1966-Uitbreije.mp3\">\/wp-content\/uploads\/2016\/07\/1966-Uitbreije.mp3<\/a><\/audio>\n<hr \/>\n<p style=\"text-align: center;\"><span style=\"color: #008000; font-size: x-large;\">1967 D&#8217;r zit meziek in!<\/span><\/p>\n<p>Prins: Jan van Essen (Prins Strienius II) <img loading=\"lazy\" decoding=\"async\" class=\"size-full wp-image-3980 alignright\" src=\"https:\/\/strienestad.nl\/wp-content\/uploads\/2023\/01\/1967-300-300-300x286-1.jpg\" alt=\"\" width=\"300\" height=\"286\" srcset=\"https:\/\/strienestad.nl\/wp-content\/uploads\/2023\/01\/1967-300-300-300x286-1.jpg 300w, https:\/\/strienestad.nl\/wp-content\/uploads\/2023\/01\/1967-300-300-300x286-1-150x143.jpg 150w\" sizes=\"auto, (max-width: 300px) 100vw, 300px\" \/><br \/>\nNar: Bert van Drunen<br \/>\nJan Oorlog: Tiny van Meer<br \/>\nMussekoning: Cees Mank<br \/>\nDeftige Flodder: Jan van Drunen<br \/>\nMotto: D&#8217;r zit meziek in!<\/p>\n<p><strong>REFREIN<br \/>\nENN&#8217; OE T&#8217;A GAAT??&#8230;NAAUW!<br \/>\nWA&#8217; MANNEKES IN DE RAAD,<br \/>\nWA&#8217; \u201cFIEPERE\u201d L\u00c9NST DE STRAAT<br \/>\nEN \u201cTUTTERE\u201d UIT DE MAAT,<br \/>\nAJJE MAR WIT, \u2018EEJ!:<br \/>\nDATT&#8217;UR ALL\u00c8\u00c8N GEEN PIT,<br \/>\nMARR&#8217;OK MEZIEK IN ZIT.<\/strong><\/p>\n<p><strong>KOEPLET 1<\/strong><br \/>\nWA MAAKE W\u00c8\u00c8R WA\u2019 N\u00c0T,<br \/>\nAL WORRE DE CENTJES DUUR,<br \/>\nONS WATER WOR GE-\u201cFLU\u201d-T,<br \/>\nDA&#8217;S VORR&#8217;UT AMMEZUUR.<br \/>\nDE GAS DIE MOT VEUL \u2018\u00c8\u00c8TER, W\u00c0\u00c0NT<br \/>\nWE ZIJN MARR&#8217;ALLEF GAAR;<br \/>\n&#8216;T GONG OP Z&#8217;N BOEREFLUITJES, MAR &#8216;T KOM<br \/>\nSTIK-GA\u00c8F-VOR-ME-KAOR!<\/p>\n<audio class=\"wp-audio-shortcode\" id=\"audio-63-7\" preload=\"none\" style=\"width: 100%;\" controls=\"controls\"><source type=\"audio\/mpeg\" src=\"\/wp-content\/uploads\/2016\/07\/1967-Dr-zit-meziek-in.mp3?_=7\" \/><a href=\"\/wp-content\/uploads\/2016\/07\/1967-Dr-zit-meziek-in.mp3\">\/wp-content\/uploads\/2016\/07\/1967-Dr-zit-meziek-in.mp3<\/a><\/audio>\n<hr \/>\n<p style=\"text-align: center;\"><span style=\"color: #008000; font-size: x-large;\">1968 Ut samme sport worre!<\/span><\/p>\n<p>Prins: Jan van Essen (Prins Strienius II) <img loading=\"lazy\" decoding=\"async\" class=\"size-full wp-image-3981 alignright\" src=\"https:\/\/strienestad.nl\/wp-content\/uploads\/2023\/01\/1968-300-300-252x300-1.jpg\" alt=\"\" width=\"252\" height=\"300\" srcset=\"https:\/\/strienestad.nl\/wp-content\/uploads\/2023\/01\/1968-300-300-252x300-1.jpg 252w, https:\/\/strienestad.nl\/wp-content\/uploads\/2023\/01\/1968-300-300-252x300-1-150x179.jpg 150w\" sizes=\"auto, (max-width: 252px) 100vw, 252px\" \/><br \/>\nNar: Bert van Drunen<br \/>\nJan Oorlog: Tiny van Meer<br \/>\nMussekoning: Jack de Regt<br \/>\nDeftige Flodder: Adrie Krijnen<br \/>\nMotto: Ut samme sport worre!<\/p>\n<p><strong>REFREIN<br \/>\nZOU T&#8217;WIR LUKKE? DAOR GING DE GONG,<br \/>\nH&#8217;OPP&#8217;OEW UKKE, DE N&#8217;INK STAP SPRONG.<br \/>\nNIE LEUTRE N&#8217;OP DE LAANGE BAON<br \/>\nDAN KOM DE ZWAOR HAFSIJD TE STAON.<br \/>\nWUJJE DAGGE, VEUL PUNTE MAKT.<br \/>\nEN AGG&#8217;UT GOEI&#8217;JE WIELTJE PAKT.<br \/>\nDAN MAOKE Z&#8217;OEW GIN FLUIT<br \/>\nWE LOAPE MAKKELUK&#8217;UN RONDE N&#8217;UIT.<\/strong><\/p>\n<p><strong>KOEPLET 1<\/strong><br \/>\nWE N&#8217;EBBE WIR UN N&#8217;EEL JAOR KUNNE TREENE,<br \/>\nWE DRAOFDE DEUR AS &#8216;IPPIES IN DE BAON.<br \/>\nWE SCHOPTE LEKKER TEEGE ZEERE SCHEENE,<br \/>\nMAR &#8216;T WOR DUN SPORT. DAOR KUNDE VAN N&#8217;OPAON.<\/p>\n<p><strong>KOEPLET 2<\/strong><br \/>\nWE N&#8217;EBBE WIR UN N&#8217;EEL JAOR KUNNE TREENE,<br \/>\nWE DRAOFDE DEUR AS &#8216;IPPIES IN DE BAON.<br \/>\nWE SCHOPTE LEKKER TEEGE ZEERE SCHEENE,<br \/>\nMAR &#8216;T WOR DUN SPORT. DAOR KUNDE VAN N&#8217;OPAON.<\/p>\n<p><strong>WUJJE DAGGE, VEUL PUNTE MAKT.<br \/>\nEN AGG&#8217;UT GOEI&#8217;JE WIELTJE PAKT.<br \/>\nDAN MAOKE Z&#8217;OEW GIN FLUIT<br \/>\nWE LOAPE MAKKELUK&#8217;UN RONDE N&#8217;UIT.<\/strong><\/p>\n<audio class=\"wp-audio-shortcode\" id=\"audio-63-8\" preload=\"none\" style=\"width: 100%;\" controls=\"controls\"><source type=\"audio\/mpeg\" src=\"\/wp-content\/uploads\/2016\/07\/1968-Ut-samme-sport-worre.mp3?_=8\" \/><a href=\"\/wp-content\/uploads\/2016\/07\/1968-Ut-samme-sport-worre.mp3\">\/wp-content\/uploads\/2016\/07\/1968-Ut-samme-sport-worre.mp3<\/a><\/audio>\n<hr \/>\n<p style=\"text-align: center;\"><span style=\"color: #008000; font-size: x-large;\">1969 t&#8217;is uit&#8217;te kunst!<\/span><\/p>\n<p>Prins: Jan van Essen (Prins Strienius II) <img loading=\"lazy\" decoding=\"async\" class=\"size-full wp-image-3982 alignright\" src=\"https:\/\/strienestad.nl\/wp-content\/uploads\/2023\/01\/1969-300-300-267x300-1.jpg\" alt=\"\" width=\"267\" height=\"300\" srcset=\"https:\/\/strienestad.nl\/wp-content\/uploads\/2023\/01\/1969-300-300-267x300-1.jpg 267w, https:\/\/strienestad.nl\/wp-content\/uploads\/2023\/01\/1969-300-300-267x300-1-150x169.jpg 150w\" sizes=\"auto, (max-width: 267px) 100vw, 267px\" \/><br \/>\nNar: Frans van Haaren<br \/>\nJan Oorlog: Tiny van Meer<br \/>\nMussekoning: Jack de Regt<br \/>\nDeftige Flodder: Kees Iriks<br \/>\nMotto: t&#8217;is uit&#8217;te kunst!<\/p>\n<p><strong>REFREIN<br \/>\n&#8216;T SAL TUR SPEERE, IN T&#8217;ATTELJEEJ,<br \/>\nNOUW GAON WE KUNSTE MAOKE,<br \/>\nJ\u2019MOT PREBEERE, MEEJ ONZE STEEJ,<br \/>\nNIE IN DE MIST TE RAOKE,<br \/>\nAJJE DA KENT, DAN ZITTUT KRENT,<br \/>\nT\u2019IS VOOR NE KULTUREELE KWAST,<br \/>\nIS ET \u2018N KUNS&#8217;JE VAN NUN CENT,<br \/>\n&#8216;T SAL TUR SPEERE, IN T&#8217;ATTELJEEJ,<br \/>\nAMME GOED IN TRAANS GERAOKE,<br \/>\nME GAON PREBEERE, &#8216;K ZEG GIN NEEJ,<br \/>\nOMMET \u2018UIT TE KUNST TE MAOKE,<\/strong><\/p>\n<p><strong>KOEPLET 1<\/strong><br \/>\nIN T&#8217;OEKSKE N&#8217;IER DAOR ZITTE, ME TOT ONS OORE N&#8217;IN DE KLEI,<br \/>\nME N&#8217;EMME ZOO&#8217;WA VAN N&#8217;ALLES MAOR VEUL KUNST IS-TUR NIE BIJ,<br \/>\nWEL ZIJN DUR N&#8217;OOP MEEJ REEGIEJOO&#8217;S EN K&#8217;WEET NIE OF JE &#8216;T WIT,<br \/>\nDAOR ZETTE ME NOUW &#8216;OONS TAANDE N&#8217;IN, MAOR &#8216;ET IS\u2019SUN KUNSTGEBIT.<\/p>\n<p><strong>KOEPLET 2<\/strong><br \/>\n\u2018T ZIT BIJ \u00d2\u00d2NS STIK GOED VERKEERD, DE KUNST IS \u2018ALLUF GAOR<br \/>\nWE KOMME WEL UIT DE VERRUF, MAR WE MAOKE NIE VEUL KLAOR<br \/>\nAL \u2018ANGE WE VOL MEE POPAOS, VAN \u00d2\u00d2NS \u2018IELE TOT \u00d2\u00d2NS KRUIN<br \/>\nWE ZIJN \u2018ALLUVE KULTUREELE, W\u00c0\u00c0NT WE BAKKE Z\u2019ALL\u00c9\u00c9N MAR BRUIN<\/p>\n<audio class=\"wp-audio-shortcode\" id=\"audio-63-9\" preload=\"none\" style=\"width: 100%;\" controls=\"controls\"><source type=\"audio\/mpeg\" src=\"\/wp-content\/uploads\/2016\/07\/1969-T-is-uit-de-kunst.mp3?_=9\" \/><a href=\"\/wp-content\/uploads\/2016\/07\/1969-T-is-uit-de-kunst.mp3\">\/wp-content\/uploads\/2016\/07\/1969-T-is-uit-de-kunst.mp3<\/a><\/audio>\n","protected":false},"excerpt":{"rendered":"<p>1960 &#8217;t zit wel snor! Prins: Louis Vlamings\u00a0(Snorius I) Motto op het snorrebal: &#8217;t zit wel snor Snorrelied Wie et de mooiste snor van deze avond en laot um dan [&hellip;]<\/p>\n","protected":false},"author":1,"featured_media":0,"parent":0,"menu_order":0,"comment_status":"closed","ping_status":"closed","template":"","meta":{"footnotes":""},"class_list":["post-63","page","type-page","status-publish"],"_links":{"self":[{"href":"https:\/\/strienestad.nl\/index.php?rest_route=\/wp\/v2\/pages\/63","targetHints":{"allow":["GET"]}}],"collection":[{"href":"https:\/\/strienestad.nl\/index.php?rest_route=\/wp\/v2\/pages"}],"about":[{"href":"https:\/\/strienestad.nl\/index.php?rest_route=\/wp\/v2\/types\/page"}],"author":[{"embeddable":true,"href":"https:\/\/strienestad.nl\/index.php?rest_route=\/wp\/v2\/users\/1"}],"replies":[{"embeddable":true,"href":"https:\/\/strienestad.nl\/index.php?rest_route=%2Fwp%2Fv2%2Fcomments&post=63"}],"version-history":[{"count":3,"href":"https:\/\/strienestad.nl\/index.php?rest_route=\/wp\/v2\/pages\/63\/revisions"}],"predecessor-version":[{"id":4943,"href":"https:\/\/strienestad.nl\/index.php?rest_route=\/wp\/v2\/pages\/63\/revisions\/4943"}],"wp:attachment":[{"href":"https:\/\/strienestad.nl\/index.php?rest_route=%2Fwp%2Fv2%2Fmedia&parent=63"}],"curies":[{"name":"wp","href":"https:\/\/api.w.org\/{rel}","templated":true}]}}