{"id":5430,"date":"2025-09-02T08:19:21","date_gmt":"2025-09-02T06:19:21","guid":{"rendered":"https:\/\/strienestad.nl\/?page_id=5430"},"modified":"2026-01-30T13:13:55","modified_gmt":"2026-01-30T12:13:55","slug":"jubieleejum-feest-66-jaor","status":"publish","type":"page","link":"https:\/\/strienestad.nl\/?page_id=5430","title":{"rendered":"Jubiel\u00e9\u00e9jum f\u00e9\u00e9st"},"content":{"rendered":"\n<p><strong>Jubiel\u00e9\u00e9jum f\u00e9\u00e9st 66 jaor karneval in Strienestad!<\/strong><\/p>\n\n\n\n<p><a href=\"https:\/\/docs.google.com\/forms\/d\/e\/1FAIpQLScuRhiKkzzx3ECR4HCQsnys-8SqB4YyQ6-Vbo0xr2LmdUwH0g\/viewform?usp=sharing&amp;ouid=110110953226580300659\" target=\"_blank\" rel=\"noreferrer noopener\">Gastenboek tekenen en informatie ontvangen? &lt;klik hier&gt; <\/a><\/p>\n\n\n\n<p>Via dit formulier kunt u zich alvast aanmelden voor de offici\u00eble viering van 6&#215;11 jaar karneval in Strienestad op <strong>zaterdag 7 februari<\/strong> (van 16.11 tot 20.11 uur) op de Markt.<\/p>\n\n\n\n<p>Onder de noemer <strong><em>\u2018Ier \u2018eb ik m\u2019n \u2018art verlore!\u2019 <\/em><\/strong>gaan we met z\u2019n allen \u00e9\u00e9n grote ode brengen aan de leut in onze eigen Strienestad, \u2019t g\u00e8\u00e8fste plekske aon de Vliet!<\/p>\n\n\n\n<p>Uw naam zullen wij op de website vermelden zodat andere mensen ook kunnen zien wie er aanwezig zullen zijn. Uw overige gegevens worden verder uitsluitend gebruikt om u persoonlijk van informatie te kunnen voorzien. Na afloop van het jubileumfeest verwijderen we alle gegevens weer. Mocht u niet met naam op de website willen kunt u een mail sturen naar secretariaat@sks-steenbergen.nl <\/p>\n\n\n\n<p>Ben j\u2019ok van de partij? Heel graag tot dan!<\/p>\n\n\n\n<figure class=\"wp-block-gallery has-nested-images columns-default is-cropped wp-block-gallery-1 is-layout-flex wp-block-gallery-is-layout-flex\">\n<figure class=\"wp-block-image size-large\"><img loading=\"lazy\" decoding=\"async\" width=\"1024\" height=\"681\" data-id=\"5442\" src=\"https:\/\/strienestad.nl\/wp-content\/uploads\/2025\/09\/kinderoptocht-sleuteloverdracht-178-van-230-1024x681.jpg\" alt=\"\" class=\"wp-image-5442\" srcset=\"https:\/\/strienestad.nl\/wp-content\/uploads\/2025\/09\/kinderoptocht-sleuteloverdracht-178-van-230-1024x681.jpg 1024w, https:\/\/strienestad.nl\/wp-content\/uploads\/2025\/09\/kinderoptocht-sleuteloverdracht-178-van-230-300x200.jpg 300w, https:\/\/strienestad.nl\/wp-content\/uploads\/2025\/09\/kinderoptocht-sleuteloverdracht-178-van-230-768x511.jpg 768w, https:\/\/strienestad.nl\/wp-content\/uploads\/2025\/09\/kinderoptocht-sleuteloverdracht-178-van-230-1536x1021.jpg 1536w, https:\/\/strienestad.nl\/wp-content\/uploads\/2025\/09\/kinderoptocht-sleuteloverdracht-178-van-230-2048x1362.jpg 2048w, https:\/\/strienestad.nl\/wp-content\/uploads\/2025\/09\/kinderoptocht-sleuteloverdracht-178-van-230-150x100.jpg 150w, https:\/\/strienestad.nl\/wp-content\/uploads\/2025\/09\/kinderoptocht-sleuteloverdracht-178-van-230-696x463.jpg 696w, https:\/\/strienestad.nl\/wp-content\/uploads\/2025\/09\/kinderoptocht-sleuteloverdracht-178-van-230-1068x710.jpg 1068w, https:\/\/strienestad.nl\/wp-content\/uploads\/2025\/09\/kinderoptocht-sleuteloverdracht-178-van-230-1920x1277.jpg 1920w\" sizes=\"auto, (max-width: 1024px) 100vw, 1024px\" \/><\/figure>\n\n\n\n<figure class=\"wp-block-image size-large\"><img loading=\"lazy\" decoding=\"async\" width=\"1024\" height=\"696\" data-id=\"5441\" src=\"https:\/\/strienestad.nl\/wp-content\/uploads\/2025\/09\/WhatsApp-Image-2025-09-03-at-18.36.33-1-1024x696.jpeg\" alt=\"\" class=\"wp-image-5441\" srcset=\"https:\/\/strienestad.nl\/wp-content\/uploads\/2025\/09\/WhatsApp-Image-2025-09-03-at-18.36.33-1-1024x696.jpeg 1024w, https:\/\/strienestad.nl\/wp-content\/uploads\/2025\/09\/WhatsApp-Image-2025-09-03-at-18.36.33-1-300x204.jpeg 300w, https:\/\/strienestad.nl\/wp-content\/uploads\/2025\/09\/WhatsApp-Image-2025-09-03-at-18.36.33-1-768x522.jpeg 768w, https:\/\/strienestad.nl\/wp-content\/uploads\/2025\/09\/WhatsApp-Image-2025-09-03-at-18.36.33-1-150x102.jpeg 150w, https:\/\/strienestad.nl\/wp-content\/uploads\/2025\/09\/WhatsApp-Image-2025-09-03-at-18.36.33-1-696x473.jpeg 696w, https:\/\/strienestad.nl\/wp-content\/uploads\/2025\/09\/WhatsApp-Image-2025-09-03-at-18.36.33-1-1068x726.jpeg 1068w, https:\/\/strienestad.nl\/wp-content\/uploads\/2025\/09\/WhatsApp-Image-2025-09-03-at-18.36.33-1.jpeg 1406w\" sizes=\"auto, (max-width: 1024px) 100vw, 1024px\" \/><\/figure>\n<\/figure>\n\n\n\n<p>Aanwezig zijn:<\/p>\n\n\n\n<div class=\"wp-block-group\"><div class=\"wp-block-group__inner-container is-layout-constrained wp-block-group-is-layout-constrained\">\n<div class=\"wp-block-columns is-layout-flex wp-container-core-columns-is-layout-9d6595d7 wp-block-columns-is-layout-flex\">\n<div class=\"wp-block-column is-layout-flow wp-block-column-is-layout-flow\" style=\"flex-basis:100%\">\n<figure class=\"wp-block-table\"><table class=\"has-fixed-layout\"><tbody><tr><td>John Nijssen<\/td><\/tr><tr><td>Dennis Vermeulen<\/td><\/tr><tr><td>Edith Veraart<\/td><\/tr><tr><td>Mark<\/td><\/tr><tr><td>Nicole<\/td><\/tr><tr><td>Martin<\/td><\/tr><tr><td>Timmy Huisman<\/td><\/tr><tr><td>Lloyd van Rijen<\/td><\/tr><tr><td>Rosanna Smit<\/td><\/tr><tr><td>Nora Pietjouw<\/td><\/tr><tr><td>Lieve van Koppen<\/td><\/tr><tr><td>Debbie van Riet-Visser<\/td><\/tr><tr><td>Rosanna<\/td><\/tr><tr><td>Jeroen Bosters<\/td><\/tr><tr><td>Rosanna Smit<\/td><\/tr><tr><td>David borremans<\/td><\/tr><tr><td>Joyce Musters<\/td><\/tr><tr><td>Esther<\/td><\/tr><tr><td>Addie Laane<\/td><\/tr><tr><td>Carina<\/td><\/tr><tr><td>Wietse Visser<\/td><\/tr><tr><td>Bietboere &amp; Meerminne koor<\/td><\/tr><tr><td>Wil enEiso<\/td><\/tr><tr><td>Lars van den branden<\/td><\/tr><tr><td>Jan van Til<\/td><\/tr><tr><td>Eise Broersma<\/td><\/tr><tr><td>Mark Willegers<\/td><\/tr><tr><td>Elien<\/td><\/tr><tr><td>Jan van Til<\/td><\/tr><tr><td>Ellen<\/td><\/tr><tr><td>Marion Bosmans<\/td><\/tr><tr><td>Marvin kil<\/td><\/tr><tr><td>Richard Krijnen<\/td><\/tr><tr><td>Joachim<\/td><\/tr><tr><td>Moniek<\/td><\/tr><tr><td>Joyce Musters<\/td><\/tr><tr><td>Willem Haak<\/td><\/tr><tr><td>Teun Geers<\/td><\/tr><tr><td>Jitske<\/td><\/tr><tr><td>Wil Broersma &#8211; van Til<\/td><\/tr><tr><td>Wil Broersma &#8211; van Til<\/td><\/tr><tr><td>Linda<\/td><\/tr><tr><td>Peter Kraaijbeek<\/td><\/tr><tr><td>Jan van Til<\/td><\/tr><tr><td>Joyce Gillesse<\/td><\/tr><tr><td>John Smeets<\/td><\/tr><tr><td>Desiree en Ronald Willems<\/td><\/tr><tr><td>Wa dunerrie<\/td><\/tr><tr><td>Ad en Helma Vermeulen<\/td><\/tr><tr><td>Aans<\/td><\/tr><tr><td>Lizet van den bogert<\/td><\/tr><tr><td>Ad en Paula van Herel<\/td><\/tr><tr><td>Barry<\/td><\/tr><tr><td>Hans Rooms<\/td><\/tr><tr><td>M. Van der pligt<\/td><\/tr><tr><td>Caio Bouwens<\/td><\/tr><tr><td>Jack de Kock<\/td><\/tr><tr><td>Coen Embregts<\/td><\/tr><tr><td>Jos en Nathali Loos<\/td><\/tr><tr><td>Paul van Gaans<\/td><\/tr><tr><td>Hans en Jos\u00e9 de Groen<\/td><\/tr><tr><td>Ad en Paula van Herel van Sprang<\/td><\/tr><tr><td>Ad en Paula van Herel<\/td><\/tr><tr><td>Richard de Jong (NBD Riejo)<\/td><\/tr><tr><td>Ad en Caroline de Bont<\/td><\/tr><tr><td>Andr\u00e9 &amp; Anja Smulders<\/td><\/tr><tr><td>Judith Kraaijbeek<\/td><\/tr><tr><td>Tanja Elzinga\/Vermeulen<\/td><\/tr><tr><td>Lia Janbroers<\/td><\/tr><tr><td>jossy<\/td><\/tr><tr><td>Joris Meesters<br>Jossy van Drunen<br>Piet en Rietje Ligtenberg<br>Adrie, Jos\u00e9 en Annelieke Harijgens<br>CV Onz Klupke<br>Anton van Rossum<br>Jeannette<br>Toos aarden<br>Cees Iriks<br>Patries<br>Uit naam van grootste boer nillus&amp; mah wittebrood<br>Amanda Quintus<br>Mickel &amp; Cindy<br>Stichting Carnaval Peeloofdurp<br>Jeanette van Til<br>Guust Brouwers<br>Kelvin van Til<br>Niels van Willegen<br>Wietse van der Linden<br>Jos\u00e9 st<br>Leroy<br>Kimberly<br>Mandy van Elzakker<br>Moniek<br>Janneke van der Weegen<br>Kim Braakhuis<br>Stefanie Huizinga-Dam<br>Eefje Nuijten en Harry-Jan van Zundert<br>Andr\u00e9 en Corrie<br>Marlie Cuelenaere<br>Maaike<\/td><\/tr><\/tbody><\/table><\/figure>\n<\/div>\n<\/div>\n<\/div><\/div>\n","protected":false},"excerpt":{"rendered":"<p>Jubiel\u00e9\u00e9jum f\u00e9\u00e9st 66 jaor karneval in Strienestad! Gastenboek tekenen en informatie ontvangen? &lt;klik hier&gt; Via dit formulier kunt u zich alvast aanmelden voor de offici\u00eble viering van 6&#215;11 jaar karneval [&hellip;]<\/p>\n","protected":false},"author":1,"featured_media":0,"parent":0,"menu_order":0,"comment_status":"closed","ping_status":"closed","template":"","meta":{"footnotes":""},"class_list":["post-5430","page","type-page","status-publish"],"_links":{"self":[{"href":"https:\/\/strienestad.nl\/index.php?rest_route=\/wp\/v2\/pages\/5430","targetHints":{"allow":["GET"]}}],"collection":[{"href":"https:\/\/strienestad.nl\/index.php?rest_route=\/wp\/v2\/pages"}],"about":[{"href":"https:\/\/strienestad.nl\/index.php?rest_route=\/wp\/v2\/types\/page"}],"author":[{"embeddable":true,"href":"https:\/\/strienestad.nl\/index.php?rest_route=\/wp\/v2\/users\/1"}],"replies":[{"embeddable":true,"href":"https:\/\/strienestad.nl\/index.php?rest_route=%2Fwp%2Fv2%2Fcomments&post=5430"}],"version-history":[{"count":18,"href":"https:\/\/strienestad.nl\/index.php?rest_route=\/wp\/v2\/pages\/5430\/revisions"}],"predecessor-version":[{"id":5648,"href":"https:\/\/strienestad.nl\/index.php?rest_route=\/wp\/v2\/pages\/5430\/revisions\/5648"}],"wp:attachment":[{"href":"https:\/\/strienestad.nl\/index.php?rest_route=%2Fwp%2Fv2%2Fmedia&parent=5430"}],"curies":[{"name":"wp","href":"https:\/\/api.w.org\/{rel}","templated":true}]}}