{"id":5157,"date":"2025-02-01T09:52:59","date_gmt":"2025-02-01T08:52:59","guid":{"rendered":"https:\/\/strienestad.nl\/?page_id=5157"},"modified":"2026-01-17T09:22:26","modified_gmt":"2026-01-17T08:22:26","slug":"de-leutige-flodder","status":"publish","type":"page","link":"https:\/\/strienestad.nl\/?page_id=5157","title":{"rendered":"De leutige Flodder"},"content":{"rendered":"\n<figure class=\"wp-block-image size-large is-resized\"><img loading=\"lazy\" decoding=\"async\" width=\"695\" height=\"1024\" src=\"https:\/\/strienestad.nl\/wp-content\/uploads\/2026\/01\/flodder2026-695x1024.jpg\" alt=\"\" class=\"wp-image-5590\" style=\"width:319px;height:auto\" srcset=\"https:\/\/strienestad.nl\/wp-content\/uploads\/2026\/01\/flodder2026-695x1024.jpg 695w, https:\/\/strienestad.nl\/wp-content\/uploads\/2026\/01\/flodder2026-203x300.jpg 203w, https:\/\/strienestad.nl\/wp-content\/uploads\/2026\/01\/flodder2026-768x1132.jpg 768w, https:\/\/strienestad.nl\/wp-content\/uploads\/2026\/01\/flodder2026-1042x1536.jpg 1042w, https:\/\/strienestad.nl\/wp-content\/uploads\/2026\/01\/flodder2026-150x221.jpg 150w, https:\/\/strienestad.nl\/wp-content\/uploads\/2026\/01\/flodder2026-300x442.jpg 300w, https:\/\/strienestad.nl\/wp-content\/uploads\/2026\/01\/flodder2026-696x1026.jpg 696w, https:\/\/strienestad.nl\/wp-content\/uploads\/2026\/01\/flodder2026-1068x1575.jpg 1068w, https:\/\/strienestad.nl\/wp-content\/uploads\/2026\/01\/flodder2026.jpg 1132w\" sizes=\"auto, (max-width: 695px) 100vw, 695px\" \/><\/figure>\n\n\n\n<p><a href=\"https:\/\/drive.google.com\/file\/d\/10txVFLCPlaBqRRo85o4n1oyLH_v8v-1A\/view?usp=sharing\" target=\"_blank\" rel=\"noreferrer noopener\">Klik hier om te lezen> let op, het is een gr\u00f2\u00f2t best\u00e0\u00e0nd!<\/a><\/p>\n\n\n\n<figure class=\"wp-block-image size-large is-resized\"><img loading=\"lazy\" decoding=\"async\" width=\"692\" height=\"1024\" src=\"https:\/\/strienestad.nl\/wp-content\/uploads\/2025\/02\/Flodder-2025-1-692x1024.png\" alt=\"\" class=\"wp-image-5167\" style=\"width:316px;height:auto\" srcset=\"https:\/\/strienestad.nl\/wp-content\/uploads\/2025\/02\/Flodder-2025-1-692x1024.png 692w, https:\/\/strienestad.nl\/wp-content\/uploads\/2025\/02\/Flodder-2025-1-203x300.png 203w, https:\/\/strienestad.nl\/wp-content\/uploads\/2025\/02\/Flodder-2025-1-768x1137.png 768w, https:\/\/strienestad.nl\/wp-content\/uploads\/2025\/02\/Flodder-2025-1-150x222.png 150w, https:\/\/strienestad.nl\/wp-content\/uploads\/2025\/02\/Flodder-2025-1-300x444.png 300w, https:\/\/strienestad.nl\/wp-content\/uploads\/2025\/02\/Flodder-2025-1-696x1030.png 696w, https:\/\/strienestad.nl\/wp-content\/uploads\/2025\/02\/Flodder-2025-1.png 850w\" sizes=\"auto, (max-width: 692px) 100vw, 692px\" \/><\/figure>\n\n\n\n<p><\/p>\n\n\n\n<p><a href=\"https:\/\/drive.google.com\/file\/d\/1N2des2M2jtiJJ-uk4Q6aNTrmIGqHERi4\/view?usp=drive_link\" data-type=\"link\" data-id=\"https:\/\/drive.google.com\/file\/d\/1N2des2M2jtiJJ-uk4Q6aNTrmIGqHERi4\/view?usp=drive_link\" target=\"_blank\" rel=\"noreferrer noopener\">Klik hier om te lezen! Let op, het is een bestand van 25 MB. <\/a><\/p>\n\n\n\n<p><\/p>\n","protected":false},"excerpt":{"rendered":"<p>Klik hier om te lezen> let op, het is een gr\u00f2\u00f2t best\u00e0\u00e0nd! Klik hier om te lezen! Let op, het is een bestand van 25 MB.<\/p>\n","protected":false},"author":1,"featured_media":0,"parent":0,"menu_order":0,"comment_status":"closed","ping_status":"closed","template":"","meta":{"footnotes":""},"class_list":["post-5157","page","type-page","status-publish"],"_links":{"self":[{"href":"https:\/\/strienestad.nl\/index.php?rest_route=\/wp\/v2\/pages\/5157","targetHints":{"allow":["GET"]}}],"collection":[{"href":"https:\/\/strienestad.nl\/index.php?rest_route=\/wp\/v2\/pages"}],"about":[{"href":"https:\/\/strienestad.nl\/index.php?rest_route=\/wp\/v2\/types\/page"}],"author":[{"embeddable":true,"href":"https:\/\/strienestad.nl\/index.php?rest_route=\/wp\/v2\/users\/1"}],"replies":[{"embeddable":true,"href":"https:\/\/strienestad.nl\/index.php?rest_route=%2Fwp%2Fv2%2Fcomments&post=5157"}],"version-history":[{"count":6,"href":"https:\/\/strienestad.nl\/index.php?rest_route=\/wp\/v2\/pages\/5157\/revisions"}],"predecessor-version":[{"id":5594,"href":"https:\/\/strienestad.nl\/index.php?rest_route=\/wp\/v2\/pages\/5157\/revisions\/5594"}],"wp:attachment":[{"href":"https:\/\/strienestad.nl\/index.php?rest_route=%2Fwp%2Fv2%2Fmedia&parent=5157"}],"curies":[{"name":"wp","href":"https:\/\/api.w.org\/{rel}","templated":true}]}}