{"id":5107,"date":"2025-01-27T20:07:16","date_gmt":"2025-01-27T19:07:16","guid":{"rendered":"https:\/\/strienestad.nl\/?page_id=5107"},"modified":"2026-02-17T11:12:03","modified_gmt":"2026-02-17T10:12:03","slug":"optocht","status":"publish","type":"page","link":"https:\/\/strienestad.nl\/?page_id=5107","title":{"rendered":"Optocht"},"content":{"rendered":"\n<p>Welkom op de pagina van de gr\u00f2\u00f2te Strienestadse optocht! De optocht is dit jaar op <strong>dinsdag 17 februari<\/strong> en start om <strong>13:11 uur<\/strong> vanuit de <strong>Kaaistraat<\/strong> in het <strong>centrum <\/strong>van<strong> Strienestad<\/strong> (Steenbergen). <\/p>\n\n\n\n<figure class=\"wp-block-image size-full\"><img loading=\"lazy\" decoding=\"async\" width=\"553\" height=\"204\" src=\"https:\/\/strienestad.nl\/wp-content\/uploads\/2025\/02\/image.png\" alt=\"\" class=\"wp-image-5165\" srcset=\"https:\/\/strienestad.nl\/wp-content\/uploads\/2025\/02\/image.png 553w, https:\/\/strienestad.nl\/wp-content\/uploads\/2025\/02\/image-300x111.png 300w, https:\/\/strienestad.nl\/wp-content\/uploads\/2025\/02\/image-150x55.png 150w\" sizes=\"auto, (max-width: 553px) 100vw, 553px\" \/><\/figure>\n\n\n\n<p>Wilt u uw stem uitbrengen voor de leutprijs, <a href=\"https:\/\/docs.google.com\/forms\/d\/1I78_KAEeGfc_1RN_7bp8lG4x6zqhof7hGBk9MDIV3kg\/\" target=\"_blank\" rel=\"noreferrer noopener\">klik hier!<\/a><\/p>\n\n\n\n<p>Misschien toch nog inschrijven? <a href=\"https:\/\/strienestad.nl\/inschrijven\/\" data-type=\"page\" data-id=\"10\">Klik hier!<\/a><\/p>\n\n\n\n<p><strong>Reclameoptocht<\/strong><\/p>\n\n\n\n<p>Your New Kitchen<\/p>\n\n\n\n<p><strong>Deelnemers optocht<\/strong><\/p>\n\n\n\n<p>Jan Oorlog<br>Sgooiploeg<\/p>\n\n\n\n<p>1 &#8211; <strong>Prinsenwagen<\/strong><br>2 &#8211; <strong>Dweilband de Primurkes<\/strong> (bandjes) &#8211; Primeuren wassen Strienestad stralend wit<br>3 &#8211; <strong>BC Da motte we nog verzinne<\/strong> (kleine wagens\/jeugdige bouwers) &#8211; Straolend sch\u00f2\u00f2n! As wij klaor zijn, straolt alles!<br>4 &#8211; <strong>CV Dun Peej<\/strong> (kleine wagens) &#8211; Kleine Peej Groote Pret, Ier Wor Carnaval Veurt Gezet.<br>5 &#8211; <strong>BC Deen<\/strong> (grote wagens) &#8211; Ons rupske straolt voor &#8217;t 66 jubiel\u00e9\u00e9<br>6 &#8211; <strong>Dweilband D&#8217;n Dweilberg<\/strong> (bandjes) &#8211; D&#8217;n Dweilberg broejt op &#8217;n straolende toekomst vor Strienestad<br>7 &#8211; <strong>CV sol\u00f3\u00f3w en all\u00e8\u00e8n<\/strong> (enkelingen) &#8211; De Straoljaoger<br>8 &#8211; <strong>Sillie en Hannie<\/strong> (paren\/jeugdige bouwers) &#8211; Straolend middel &#8211; punt!<br>9 &#8211; <strong>Bende tn einde raodt<\/strong> (kleine groepen) &#8211; Speciaal vanuit Amerika komt de Bende straolen en het jubileum vieren in Strienestad.<br>10 &#8211; <strong>Blaos mar Raok<\/strong> (bandjes) &#8211; Blaos mar Raok straolt op elluk f\u00e8\u00e8stje!<br>11 &#8211; <strong>BC de Plakkers<\/strong> (kleine wagens) &#8211; Ons Koeie Loeie<br>12 &#8211; <strong>Onz Klupke Peeloofdurp<\/strong> (grote wagens) &#8211; We straole mee in onz Cafee.<br>13 &#8211; <strong>B.C. Vor Mekaor <\/strong>(grote wagens) &#8211; &#8220;Wa d&#8217;un leutige toer-ist ier!&#8221;<br>14 &#8211; <strong>B.C. de Leuttrappers <\/strong>(grote wagens) &#8211; Zie de Leut stralen aan zee<br>15 &#8211; <strong>Effe d\u2019r Neffe <\/strong>(bandjes)<strong> <\/strong>&#8211; Wij dweilen \u2018t &#8216;ier al 22 jaor straolend sch\u00f2\u00f2n<br>16 &#8211; &#8216;<strong>t Reservewiel <\/strong>(enkelingen) &#8211; Wandelende waarzegster: glazen bol &#8211; ik zie al van verre &#8220;Gij bent uw glans niet verloore&#8221;<br>17 &#8211; <strong>De Snoepkonten<\/strong> (paren\/jeugdige bouwers) &#8211; Vanuit ons mooie pompedurp, kommu wij Strienestad extra laote straole. Dees jubileum verdiend een heerlijke taort<br>18 &#8211; <strong>De Mupkes<\/strong> (kleine groepen) &#8211; Strienestad straolt dag en nacht<br>19 &#8211; <strong>\u2018T Wor Niks<\/strong> (bandjes) &#8211; Straolend witte was<br>20 &#8211; <strong>Bc de mini-torenbouwers<\/strong> (kleine wagens) &#8211; Strienestad straolt en wij straole mee<br>21 &#8211; <strong>BC de Polderbende<\/strong> (grote wagens) &#8211; Strienestad Straolt! Net als in Vegas gooien wij alles op rood, zwart en goud\u202666 jaor feest, glitter en gokplezier!<br>22 &#8211; <strong>c.v. De Vrolijke Vierders<\/strong> (grote wagens) &#8211; Al 11 jaor f\u00e9\u00e9\u00e9st in de tent !!<br>23 &#8211; <strong>B.C. Dun Deurzetters<\/strong> (grote wagens) &#8211; Pr\u00e9-istorisch Gek &amp; Nie Te Temme Daarom Straolt Strienestad!<\/p>\n\n\n\n<p>24 &#8211; <strong>De Knallende knullen paren<\/strong> (paren\/jeugdige bouwers) &#8211; We straole zonder gezeik. (Lopen tussen plaats 9 en 10 in de optocht!)<\/p>\n\n\n\n<p>25 &#8211; <strong>Allus Rammelt<\/strong> (kleine groepen) &#8211; Straol vergetuh op te geven!<\/p>\n\n\n\n<p><\/p>\n\n\n\n<p><\/p>\n\n\n\n<p><\/p>\n","protected":false},"excerpt":{"rendered":"<p>Welkom op de pagina van de gr\u00f2\u00f2te Strienestadse optocht! De optocht is dit jaar op dinsdag 17 februari en start om 13:11 uur vanuit de Kaaistraat in het centrum van [&hellip;]<\/p>\n","protected":false},"author":1,"featured_media":0,"parent":0,"menu_order":0,"comment_status":"closed","ping_status":"closed","template":"","meta":{"footnotes":""},"class_list":["post-5107","page","type-page","status-publish"],"_links":{"self":[{"href":"https:\/\/strienestad.nl\/index.php?rest_route=\/wp\/v2\/pages\/5107","targetHints":{"allow":["GET"]}}],"collection":[{"href":"https:\/\/strienestad.nl\/index.php?rest_route=\/wp\/v2\/pages"}],"about":[{"href":"https:\/\/strienestad.nl\/index.php?rest_route=\/wp\/v2\/types\/page"}],"author":[{"embeddable":true,"href":"https:\/\/strienestad.nl\/index.php?rest_route=\/wp\/v2\/users\/1"}],"replies":[{"embeddable":true,"href":"https:\/\/strienestad.nl\/index.php?rest_route=%2Fwp%2Fv2%2Fcomments&post=5107"}],"version-history":[{"count":39,"href":"https:\/\/strienestad.nl\/index.php?rest_route=\/wp\/v2\/pages\/5107\/revisions"}],"predecessor-version":[{"id":5746,"href":"https:\/\/strienestad.nl\/index.php?rest_route=\/wp\/v2\/pages\/5107\/revisions\/5746"}],"wp:attachment":[{"href":"https:\/\/strienestad.nl\/index.php?rest_route=%2Fwp%2Fv2%2Fmedia&parent=5107"}],"curies":[{"name":"wp","href":"https:\/\/api.w.org\/{rel}","templated":true}]}}