{"id":2962,"date":"2020-01-23T14:42:38","date_gmt":"2020-01-23T13:42:38","guid":{"rendered":"https:\/\/sks-steenbergen.nl\/?page_id=2962"},"modified":"2026-01-26T07:41:51","modified_gmt":"2026-01-26T06:41:51","slug":"2020-2029","status":"publish","type":"page","link":"https:\/\/strienestad.nl\/?page_id=2962","title":{"rendered":"2020-2029"},"content":{"rendered":"<div class=\"wp-block-group\">\n<div class=\"wp-block-group__inner-container\">\u00a0<\/div>\n<\/div>\n<p style=\"text-align: center;\"><span style=\"font-size: x-large;\"><span style=\"color: #008000;\">2020 Wa d&#8217;n plaotje!<\/span><img loading=\"lazy\" decoding=\"async\" class=\"wp-image-2875  alignright\" src=\"https:\/\/sks-steenbergen.nl\/wp-content\/uploads\/2019\/11\/Insigne-SKS-2020-2.jpg\" alt=\"\" width=\"176\" height=\"164\" \/><\/span><\/p>\n<p>Prins: Dennis Vermeulen (Prins Strienius V)<br \/>Nar: Leander Lebeau (Nar Boowke)<br \/>Jan Oorlog: Jeroen Bouwens<br \/>Mussekoning: Martin den Broeder<br \/>Deftige Flodder: Coen Embregts<br \/>Motto: Wa d&#8217;n plaotje!<\/p>\n<p>Jeugdgevolg<br \/>Prinsje: Mathijs Bijlsma<br \/>Narreke: Niels Luijsterburg<br \/>Jantje Oorlog: Xem Aanraad<br \/>Mussekoninkje: Levi de Kock<br \/>Deftig Floddertje: Eline Minkman<br \/>Leutvrouwke: Moniek Vugts<\/p>\n<p><div class=\"youtube-embed\" data-video_id=\"EyUs_CYhYho\"><iframe loading=\"lazy\" title=\"SKS - WA D\u00b4N PLAOTJE!\" width=\"696\" height=\"392\" src=\"https:\/\/www.youtube.com\/embed\/EyUs_CYhYho?feature=oembed&#038;enablejsapi=1\" frameborder=\"0\" allow=\"accelerometer; autoplay; clipboard-write; encrypted-media; gyroscope; picture-in-picture; web-share\" referrerpolicy=\"strict-origin-when-cross-origin\" allowfullscreen><\/iframe><\/div><\/p>\n<p><strong>KOEPLET 1<\/strong><br \/>\u2018N BRUIDSPAOR KOM AON BUITE BIJ \u2019T OUW GEM\u00c9\u00c9NTEN\u2019UIS<br \/>K\u00c8K \u2018S, WA D\u2019N PLAOTJE!<br \/>\u2018N WOLLEK VAN \u2018N BEEBIE IS GEBORE BIJ \u00d2\u00d2NS T\u2019UIS<br \/>AHHH, WA D\u2019N PLAOTJE!<br \/>\u2018K \u2018EB \u2018N TATTOE VAN \u2018N MEERMIN LAOTE ZETTE<br \/>AUW, WA D\u2019N PLAOTJE!<br \/>VAN STRIENEDURREPKE TOT AON DE RALDAL<br \/>\u2019T IS \u2019N LEVEND SCHILDERIJ MEEJ KARNEVAL<\/p>\n<p><strong>REFREIN<\/strong><br \/><strong>SPIEGELTJE, SPIEGELTJE AON DE W\u00c0\u00c0ND,<\/strong><br \/><strong>WIE IS DE G\u00c8\u00c8FSTE VAN \u2019T L\u00c0\u00c0ND?\u2019<\/strong><br \/><strong>NIM MEKAORE BIJ DE \u2018\u00c0\u00c0ND<\/strong><br \/><strong>NIEM\u00c0\u00c0ND STAOT \u2018IER AON DE K\u00c0\u00c0NT<\/strong><\/p>\n<p><strong>MUZIK\u00c0\u00c0NT EN KUNSTENAOR<\/strong><br \/><strong>KOMME SAOME BIJ MEKAOR <\/strong><br \/><strong>ZO RAOKE WE DE JUISTE SNAOR<\/strong><br \/><strong>\u2019N PLAOTJE REKEN MAR!<\/strong><\/p>\n<p><strong>KOEPLET 2<\/strong><br \/>WA D\u2019N SCHILDERIJE \u2018ANGE D\u2019R BIJ \u00d2\u00d2NS IN STRIENESTAD<br \/>K\u00c8K \u2018S, WA D\u2019N PLAOTJE!<br \/>NIM NOG MAR \u2019N SELFIE MEEJ DE GUM OP DE MART<br \/>AHHH, WA D\u2019N PLAOTJE!<br \/>LUISTER NOGGES NAOR DI LEUTIGE MEZIEKSKE<br \/>WAUW, WA D\u2019N PLAOTJE!<br \/>VAN STRIENEDURREPKE TOT AON DE RALDAL<br \/>OEFENING BAORT KUNST MEEJ KARNEVAL<\/p>\n<hr \/>\n<p style=\"text-align: center;\"><span style=\"font-size: x-large;\"><span style=\"color: #008000;\">2021 Liefde vor de leut!<\/span><img loading=\"lazy\" decoding=\"async\" class=\"wp-image-3099  alignright\" src=\"https:\/\/sks-steenbergen.nl\/wp-content\/uploads\/2020\/11\/Insigne-2021-Liefde-vor-de-Leut.jpg\" alt=\"\" width=\"173\" height=\"158\" \/><\/span><\/p>\n<p>Prins: Dennis Vermeulen (Prins Strienius V)<br \/>Nar: Leander Lebeau (Nar Boowke)<br \/>Jan Oorlog: Jeroen Bouwens<br \/>Mussekoning: Martin den Broeder<br \/>Deftige Flodder: Coen Embregts<br \/>Motto: Liefde vor de Leut!<\/p>\n<p>Jeugdgevolg<br \/>Prinsje: Mathijs Bijlsma<br \/>Narreke: Niels Luijsterburg<br \/>Jantje Oorlog: Xem Aanraad<br \/>Mussekoninkje: Levi de Kock<br \/>Deftig Floddertje: Eline Minkman<br \/>Leutvrouwke: Monique Vugts<\/p>\n<p><div class=\"youtube-embed\" data-video_id=\"oOZ6ZAvT19w\"><iframe loading=\"lazy\" title=\"Liefde vor de Leut!\" width=\"696\" height=\"392\" src=\"https:\/\/www.youtube.com\/embed\/oOZ6ZAvT19w?feature=oembed&#038;enablejsapi=1\" frameborder=\"0\" allow=\"accelerometer; autoplay; clipboard-write; encrypted-media; gyroscope; picture-in-picture; web-share\" referrerpolicy=\"strict-origin-when-cross-origin\" allowfullscreen><\/iframe><\/div><\/p>\n<p><strong>REFREIN<\/strong><br \/><strong>LIEFDE VOR DE LEUT<\/strong><br \/><strong>K\u00c9K \u00d2\u00d2NS ALLEMAOL MAR \u2018S STRAOLE<\/strong><br \/><strong>MEEJ VLINDERS IN JE BUIK<\/strong><br \/><strong>KUJJE IN STRIENESTAD JE N\u2019ART OP\u2019AOLE<\/strong><br \/><strong>\u2018IER VIN JE DE WAORE OM OP PAD TE GAON<\/strong><br \/><strong>DI \u2018EB GIN M\u00c8\u00c8NS OOIT PREBERE TE WIRSTAON<\/strong><br \/><strong>VOL VERLANGE ZEG IK NOUW:<\/strong><br \/><strong>STRIENESTAD, IK \u2018OUW VAN JOUW!<\/strong><\/p>\n<p><strong>KOEPLET 1<\/strong><\/p>\n<p>DWEILE MEEJ \u00d2\u00d2NS OMA, GELUKKEG GIN KERONA<br \/>OP AFSTAND GAON WE LEKKER AON DE ZWIER<br \/>GAO JE NOUW NIE TERREGE EN NAOR DE GR\u00d2\u00d2TE BERREGE<br \/>WE BLIJVE MEEJ Z\u2019N ALLE LIEVER \u2018IER.<br \/>\u00d2\u00d2NS MA-DE-LIEFSTE DRAOIT \u2019N RONDJE MEEJ<br \/>ALLES VOR \u2019T JONG, WA D\u2019IK JE ZEEJ<\/p>\n<p><strong>REFREIN<\/strong><\/p>\n<p><strong>KOEPLET 2<\/strong><\/p>\n<p>SAOME MEEJ NAR BOOWKE, \u00d2\u00d2NS EIGE KUPIEDOOWKE<br \/>Z\u2019N PIJLE SCHIET T\u2019IE TELKES IN DE ROOS<br \/>\u2019N WARREM GEVOEL VAN BINNE, DA D\u2019IS OM TE BEGINNE<br \/>STIKLEUTIG EN \u2018T DUURT \u2018N \u2018ELE POOS<br \/>NAO VIJF DAOGE VIERE TOT BESLUIT<br \/>ZWAOIE WIJ \u2019T MUSKE AMMAOL UIT<\/p>\n<p><strong>TRIO<\/strong><br \/>\u2019T BLEF \u2019N UITZICHT VAN M\u2019N DR\u00d2\u00d2ME<br \/>DIE GR\u00d2\u00d2TE GUM MEEJ 2 TOORES AON WEERSZIJ<br \/>\u2019K KEN VEUL M\u00c8\u00c8NSE DIE \u2018IER W\u00d2\u00d2NE<br \/>DAN ZEG IK: \u201c\u2018EEJ!\u201d EN ZE GROETE MIJ<br \/>DEES STAD LAOT M\u2019N \u2018ARTJE SNELLER SLAON<br \/>UIT DE GROND VAN M\u2019N ART: LAOT DE GUM BLIJVE BESTAON!<\/p>\n<hr \/>\n<p style=\"text-align: center;\"><span style=\"font-size: x-large;\"><span style=\"color: #008000;\">2022 Liefde vor de leut! (Da overwint alles)<\/span><img loading=\"lazy\" decoding=\"async\" class=\"wp-image-3317  alignright\" src=\"https:\/\/sks-steenbergen.nl\/wp-content\/uploads\/2022\/02\/2022-SKS-vrijstaand-01-1.png\" alt=\"\" width=\"221\" height=\"203\" \/><\/span><\/p>\n<p>Prins: Dennis Vermeulen (Prins Strienius V)<br \/>Nar: Leander Lebeau (Nar Boowke)<br \/>Jan Oorlog: Jeroen Bouwens<br \/>Mussekoning: Martin den Broeder<br \/>Deftige Flodder: Coen Embregts<br \/>Motto: Liefde vor de leut! Da overwint alles!<\/p>\n<p>Jeugdgevolg<br \/>Prinsje: Mees van der Weegen<br \/>Narreke: Brent Visser<br \/>Jantje Oorlog: Xem Aanraad<br \/>Mussekoninkje: Biko de Kock<br \/>Deftig Floddertje: Eline Minkman<br \/>Leutvrouwke: Fleur Boden<\/p>\n<p><strong>REFREIN<\/strong><br \/><strong>LIEFDE VOR DE LEUT<\/strong><br \/><strong>K\u00c9K \u00d2\u00d2NS ALLEMAOL MAR \u2018S STRAOLE<\/strong><br \/><strong>MEEJ VLINDERS IN JE BUIK<\/strong><br \/><strong>KUJJE IN STRIENESTAD JE N\u2019ART OP\u2019AOLE<\/strong><br \/><strong>\u2018IER VIN JE DE WAORE OM OP PAD TE GAON<\/strong><br \/><strong>DI \u2018EB GIN M\u00c8\u00c8NS OOIT PREBERE TE WIRSTAON<\/strong><br \/><strong>VOL VERLANGE ZEG IK NOUW:<\/strong><br \/><strong>STRIENESTAD, IK \u2018OUW VAN JOUW!<\/strong><\/p>\n<p><strong>KOEPLET 1<\/strong><\/p>\n<p>DWEILE MEEJ \u00d2\u00d2NS OMA, GELUKKEG GIN KERONA<br \/>OP AFSTAND GAON WE LEKKER AON DE ZWIER<br \/>GAO JE NOUW NIE TERREGE EN NAOR DE GR\u00d2\u00d2TE BERREGE<br \/>WE BLIJVE MEEJ Z\u2019N ALLE LIEVER \u2018IER.<br \/>\u00d2\u00d2NS MA-DE-LIEFSTE DRAOIT \u2019N RONDJE MEEJ<br \/>ALLES VOR \u2019T JONG, WA D\u2019IK JE ZEEJ<\/p>\n<p><strong>REFREIN<\/strong><\/p>\n<p><strong>KOEPLET 2<\/strong><\/p>\n<p>SAOME MEEJ NAR BOOWKE, \u00d2\u00d2NS EIGE KUPIEDOOWKE<br \/>Z\u2019N PIJLE SCHIET T\u2019IE TELKES IN DE ROOS<br \/>\u2019N WARREM GEVOEL VAN BINNE, DA D\u2019IS OM TE BEGINNE<br \/>STIKLEUTIG EN \u2018T DUURT \u2018N \u2018ELE POOS<br \/>NAO VIJF DAOGE VIERE TOT BESLUIT<br \/>ZWAOIE WIJ \u2019T MUSKE AMMAOL UIT<\/p>\n<p><strong>TRIO<\/strong><br \/>\u2019T BLEF \u2019N UITZICHT VAN M\u2019N DR\u00d2\u00d2ME<br \/>DIE GR\u00d2\u00d2TE GUM MEEJ 2 TOORES AON WEERSZIJ<br \/>\u2019K KEN VEUL M\u00c8\u00c8NSE DIE \u2018IER W\u00d2\u00d2NE<br \/>DAN ZEG IK: \u201c\u2018EEJ!\u201d EN ZE GROETE MIJ<br \/>DEES STAD LAOT M\u2019N \u2018ARTJE SNELLER SLAON<br \/>UIT DE GROND VAN M\u2019N ART: LAOT DE GUM BLIJVE BESTAON!<\/p>\n<p style=\"text-align: center;\"><span style=\"font-size: x-large;\"><span style=\"color: #008000;\">2023 Komt da zien!<\/span><\/span><\/p>\n<p>Prins: Dennis Vermeulen (Prins Strienius V)<img loading=\"lazy\" decoding=\"async\" class=\"size-medium wp-image-4046 alignright\" src=\"https:\/\/strienestad.nl\/wp-content\/uploads\/2023\/01\/Insigne-2023-transparant-300x300-1-300x300.png\" alt=\"\" width=\"300\" height=\"300\" srcset=\"https:\/\/strienestad.nl\/wp-content\/uploads\/2023\/01\/Insigne-2023-transparant-300x300-1.png 300w, https:\/\/strienestad.nl\/wp-content\/uploads\/2023\/01\/Insigne-2023-transparant-300x300-1-150x150.png 150w\" sizes=\"auto, (max-width: 300px) 100vw, 300px\" \/><br \/>Nar: Leander Lebeau (Nar Boowke)<br \/>Jan Oorlog: Jeroen Bouwens<br \/>Mussekoning: Martin den Broeder<br \/>Deftige Flodder: Coen Embregts<br \/>Motto: Komt da zien!<\/p>\n<p>Jeugdgevolg<br \/>Prinsje: Ruig Huijgens<br \/>Narreke: Brent Visser<br \/>Jantje Oorlog: Annabelle Fafi\u00e9<br \/>Mussekoninkje: Biko de Kock<br \/>Deftig Floddertje: Deveny Bloot<br \/>Leutvrouwke: Fleur Boden<\/p>\n<p><div class=\"youtube-embed\" data-video_id=\"3KYvu-qE8n0\"><iframe loading=\"lazy\" title=\"SKS - Komt da zien!\" width=\"696\" height=\"392\" src=\"https:\/\/www.youtube.com\/embed\/3KYvu-qE8n0?feature=oembed&#038;enablejsapi=1\" frameborder=\"0\" allow=\"accelerometer; autoplay; clipboard-write; encrypted-media; gyroscope; picture-in-picture; web-share\" referrerpolicy=\"strict-origin-when-cross-origin\" allowfullscreen><\/iframe><\/div><\/p>\n\n\n<p class=\"has-text-align-center\"><strong>2024 We zitte gebakke!<\/strong><\/p>\n\n\n<div class=\"wp-block-image\">\n<figure class=\"alignright size-large is-resized\"><img loading=\"lazy\" decoding=\"async\" width=\"724\" height=\"1024\" src=\"https:\/\/strienestad.nl\/wp-content\/uploads\/2023\/12\/insigne2024-724x1024.jpeg\" alt=\"\" class=\"wp-image-4478\" style=\"aspect-ratio:0.70703125;width:237px;height:auto\" srcset=\"https:\/\/strienestad.nl\/wp-content\/uploads\/2023\/12\/insigne2024-724x1024.jpeg 724w, https:\/\/strienestad.nl\/wp-content\/uploads\/2023\/12\/insigne2024-212x300.jpeg 212w, https:\/\/strienestad.nl\/wp-content\/uploads\/2023\/12\/insigne2024-768x1086.jpeg 768w, https:\/\/strienestad.nl\/wp-content\/uploads\/2023\/12\/insigne2024-1086x1536.jpeg 1086w, https:\/\/strienestad.nl\/wp-content\/uploads\/2023\/12\/insigne2024-150x212.jpeg 150w, https:\/\/strienestad.nl\/wp-content\/uploads\/2023\/12\/insigne2024-300x424.jpeg 300w, https:\/\/strienestad.nl\/wp-content\/uploads\/2023\/12\/insigne2024-696x985.jpeg 696w, https:\/\/strienestad.nl\/wp-content\/uploads\/2023\/12\/insigne2024-1068x1511.jpeg 1068w, https:\/\/strienestad.nl\/wp-content\/uploads\/2023\/12\/insigne2024.jpeg 1131w\" sizes=\"auto, (max-width: 724px) 100vw, 724px\" \/><\/figure>\n<\/div>\n\n\n<p>Prins: Thijs Boonman (Prins Strienius VI)<br>Nar: Leander Lebeau (Nar Boowke)<br>Jan Oorlog: Jeroen Bouwens<br>Mussekoning: Martin den Broeder<br>Deftige Flodder: Coen Embregts<br>Motto: We zitte gebakke!<\/p>\n\n\n\n<p>Jeugdgevolg<br>Prinsje: Ruig Huijgens<br>Narreke: Job Boden<br>Jantje Oorlog: Annabelle Fafi\u00e9<br>Mussekoninkje: Daan Hagens<br>Deftig Floddertje: Deveny Bloot<br>Leutvrouwke: F\u00e9line Smit<\/p>\n\n\n\n<figure class=\"wp-block-embed is-type-video is-provider-youtube wp-block-embed-youtube wp-embed-aspect-16-9 wp-has-aspect-ratio\"><div class=\"wp-block-embed__wrapper\">\n<div class=\"youtube-embed\" data-video_id=\"VItKNfFZWSA\"><iframe loading=\"lazy\" title=\"We zitte gebakke! - SKS karnevalsliedje 2024\" width=\"696\" height=\"392\" src=\"https:\/\/www.youtube.com\/embed\/VItKNfFZWSA?feature=oembed&#038;enablejsapi=1\" frameborder=\"0\" allow=\"accelerometer; autoplay; clipboard-write; encrypted-media; gyroscope; picture-in-picture; web-share\" referrerpolicy=\"strict-origin-when-cross-origin\" allowfullscreen><\/iframe><\/div>\n<\/div><\/figure>\n\n\n\n<p class=\"has-text-align-center\"><strong>2025 We l\u00f2\u00f2pe warrum!<\/strong><\/p>\n\n\n<div class=\"wp-block-image\">\n<figure class=\"alignright size-large is-resized\"><img loading=\"lazy\" decoding=\"async\" width=\"819\" height=\"1024\" src=\"https:\/\/strienestad.nl\/wp-content\/uploads\/2025\/02\/18177578626313772_skssteenbergen-819x1024.jpg\" alt=\"\" class=\"wp-image-5164\" style=\"aspect-ratio:0.70703125;width:237px;height:auto\" srcset=\"https:\/\/strienestad.nl\/wp-content\/uploads\/2025\/02\/18177578626313772_skssteenbergen-819x1024.jpg 819w, https:\/\/strienestad.nl\/wp-content\/uploads\/2025\/02\/18177578626313772_skssteenbergen-240x300.jpg 240w, https:\/\/strienestad.nl\/wp-content\/uploads\/2025\/02\/18177578626313772_skssteenbergen-768x960.jpg 768w, https:\/\/strienestad.nl\/wp-content\/uploads\/2025\/02\/18177578626313772_skssteenbergen-1229x1536.jpg 1229w, https:\/\/strienestad.nl\/wp-content\/uploads\/2025\/02\/18177578626313772_skssteenbergen-150x188.jpg 150w, https:\/\/strienestad.nl\/wp-content\/uploads\/2025\/02\/18177578626313772_skssteenbergen-300x375.jpg 300w, https:\/\/strienestad.nl\/wp-content\/uploads\/2025\/02\/18177578626313772_skssteenbergen-696x870.jpg 696w, https:\/\/strienestad.nl\/wp-content\/uploads\/2025\/02\/18177578626313772_skssteenbergen-1068x1335.jpg 1068w, https:\/\/strienestad.nl\/wp-content\/uploads\/2025\/02\/18177578626313772_skssteenbergen.jpg 1536w\" sizes=\"auto, (max-width: 819px) 100vw, 819px\" \/><\/figure>\n<\/div>\n\n\n<p>Prins: Thijs Boonman (Prins Strienius VI)<br>Nar: Leander Lebeau (Nar Boowke)<br>Jan Oorlog: Jeroen Bouwens<br>Mussekoning: Levi van der Ree<br>Deftige Flodder: Coen Embregts<br>Motto: We l\u00f2\u00f2pe warrum!<\/p>\n\n\n\n<p>Jeugdgevolg:<\/p>\n\n\n\n<p>Deftig Floddertje &#8211; Kaelyn Bosters<br>Jantje Oorlog &#8211; Dax van Koppen<br>Prinsesje &#8211; Lina van der Weegen<br>Leutvrouwke &#8211; F\u00e9line Smit<br>Narreke &#8211; Job Boden<br>Mussekoninkje &#8211; Daan Hagens<\/p>\n\n\n\n<figure class=\"wp-block-embed is-type-video is-provider-youtube wp-block-embed-youtube wp-embed-aspect-16-9 wp-has-aspect-ratio\"><div class=\"wp-block-embed__wrapper\">\n<div class=\"youtube-embed\" data-video_id=\"l7581f7npn4\"><iframe loading=\"lazy\" title=\"We l\u00f2\u00f2pe warrum! - SKS karnevalsliedje 2025\" width=\"696\" height=\"392\" src=\"https:\/\/www.youtube.com\/embed\/l7581f7npn4?feature=oembed&#038;enablejsapi=1\" frameborder=\"0\" allow=\"accelerometer; autoplay; clipboard-write; encrypted-media; gyroscope; picture-in-picture; web-share\" referrerpolicy=\"strict-origin-when-cross-origin\" allowfullscreen><\/iframe><\/div>\n<\/div><\/figure>\n\n\n\n<h2 class=\"wp-block-heading has-text-align-center\">2026 Strienestad straolt!<\/h2>\n\n\n\n<p>Prins: Thijs Boonman (Prins Strienius VI)<br>Nar: Leander Lebeau (Nar Boowke)<br>Jan Oorlog: Jeroen Bouwens<br>Mussekoning: Levi van der Ree<br>Deftige Flodder: Junior Huigen<br>Motto: Strienestad straolt!<\/p>\n\n\n\n<p>Jeugdgevolg:<\/p>\n\n\n\n<p>Deftig Floddertje &#8211; Kaelyn Bosters<br>Jantje Oorlog &#8211; Dax van Koppen<br>Prinsesje &#8211; Lina van der Weegen<\/p>\n\n\n\n<p>Narreke; Mila Bogaard<br>Leutvrouwke; Jasmijn van Zundert<br>Mussekoninkje; Bodhi Martens<\/p>\n\n\n\n<p><\/p>\n\n\n\n<figure class=\"wp-block-embed is-type-video is-provider-youtube wp-block-embed-youtube wp-embed-aspect-16-9 wp-has-aspect-ratio\"><div class=\"wp-block-embed__wrapper\">\n<div class=\"youtube-embed\" data-video_id=\"bE-edd_0xs4\"><iframe loading=\"lazy\" title=\"Strienestad straolt! - SKS karnevalsliedje 2026\" width=\"696\" height=\"392\" src=\"https:\/\/www.youtube.com\/embed\/bE-edd_0xs4?feature=oembed&#038;enablejsapi=1\" frameborder=\"0\" allow=\"accelerometer; autoplay; clipboard-write; encrypted-media; gyroscope; picture-in-picture; web-share\" referrerpolicy=\"strict-origin-when-cross-origin\" allowfullscreen><\/iframe><\/div>\n<\/div><\/figure>\n","protected":false},"excerpt":{"rendered":"<p>\u00a0 2020 Wa d&#8217;n plaotje! Prins: Dennis Vermeulen (Prins Strienius V)Nar: Leander Lebeau (Nar Boowke)Jan Oorlog: Jeroen BouwensMussekoning: Martin den BroederDeftige Flodder: Coen EmbregtsMotto: Wa d&#8217;n plaotje! JeugdgevolgPrinsje: Mathijs BijlsmaNarreke: [&hellip;]<\/p>\n","protected":false},"author":1,"featured_media":0,"parent":0,"menu_order":0,"comment_status":"closed","ping_status":"closed","template":"","meta":{"footnotes":""},"class_list":["post-2962","page","type-page","status-publish"],"_links":{"self":[{"href":"https:\/\/strienestad.nl\/index.php?rest_route=\/wp\/v2\/pages\/2962","targetHints":{"allow":["GET"]}}],"collection":[{"href":"https:\/\/strienestad.nl\/index.php?rest_route=\/wp\/v2\/pages"}],"about":[{"href":"https:\/\/strienestad.nl\/index.php?rest_route=\/wp\/v2\/types\/page"}],"author":[{"embeddable":true,"href":"https:\/\/strienestad.nl\/index.php?rest_route=\/wp\/v2\/users\/1"}],"replies":[{"embeddable":true,"href":"https:\/\/strienestad.nl\/index.php?rest_route=%2Fwp%2Fv2%2Fcomments&post=2962"}],"version-history":[{"count":17,"href":"https:\/\/strienestad.nl\/index.php?rest_route=\/wp\/v2\/pages\/2962\/revisions"}],"predecessor-version":[{"id":5635,"href":"https:\/\/strienestad.nl\/index.php?rest_route=\/wp\/v2\/pages\/2962\/revisions\/5635"}],"wp:attachment":[{"href":"https:\/\/strienestad.nl\/index.php?rest_route=%2Fwp%2Fv2%2Fmedia&parent=2962"}],"curies":[{"name":"wp","href":"https:\/\/api.w.org\/{rel}","templated":true}]}}