{"id":10,"date":"2022-05-19T18:44:16","date_gmt":"2022-05-19T16:44:16","guid":{"rendered":"https:\/\/strienestad.nl\/?page_id=10"},"modified":"2025-11-25T07:47:45","modified_gmt":"2025-11-25T06:47:45","slug":"inschrijven","status":"publish","type":"page","link":"https:\/\/strienestad.nl\/?page_id=10","title":{"rendered":"Inschrijven"},"content":{"rendered":"\n<p><strong>Jubiel\u00e9\u00e9jum f\u00e9\u00e9st 66 jaor karneval in Strienestad!<\/strong><\/p>\n\n\n\n<p>Jouw act\/ode aan Strienestad inschrijven? &#8211; <a href=\"https:\/\/docs.google.com\/forms\/d\/e\/1FAIpQLSfWYvzjzXtwqyexnyUmjrvn_WBAT_mDc_OtVbcWltLb-iC2Vg\/viewform?usp=header\" data-type=\"link\" data-id=\"https:\/\/docs.google.com\/forms\/d\/e\/1FAIpQLSfWYvzjzXtwqyexnyUmjrvn_WBAT_mDc_OtVbcWltLb-iC2Vg\/viewform?usp=header\" target=\"_blank\" rel=\"noreferrer noopener\">klik hier<\/a><\/p>\n\n\n\n<p>&#8212;&#8212;&#8212;&#8212;&#8212;&#8212;&#8212;&#8212;&#8212;&#8212;&#8212;&#8212;&#8212;&#8212;&#8212;&#8212;&#8212;&#8212;&#8212;&#8212;-<\/p>\n\n\n\n<p>Grote optocht &#8211; <a rel=\"noreferrer noopener\" href=\"https:\/\/forms.gle\/4PYdMzwNzndVmAMF8\" data-type=\"URL\" data-id=\"https:\/\/sks-steenbergen.nl\/?page_id=221\" target=\"_blank\">klik hier<\/a><\/p>\n\n\n\n<p><a href=\"https:\/\/strienestad.nl\/wp-content\/uploads\/2025\/01\/deelnemersreglement-karnavalsoptocht-Strienestad-2025.pdf\" data-type=\"link\" data-id=\"https:\/\/strienestad.nl\/wp-content\/uploads\/2023\/11\/Deelnemersreglement-karnavalsoptocht-Strienestad-2024.pdf\" target=\"_blank\" rel=\"noreferrer noopener\">Voor de grote optocht staat hier &lt;klik&gt; het deelnemersregelement<\/a><\/p>\n\n\n\n<p>Kinderoptocht &#8211; <a rel=\"noreferrer noopener\" href=\"https:\/\/docs.google.com\/forms\/d\/e\/1FAIpQLSdqSKqpOWEw5vw4whKLDlpsyP7aiSHjtIHgooutwGOjJjJ1sQ\/viewform?usp=sf_link\" target=\"_blank\">klik hier<\/a><\/p>\n\n\n\n<p><a href=\"https:\/\/strienestad.nl\/wp-content\/uploads\/2024\/01\/REGLEMENT-KINDEROPTOCHT-STRIENESTAD-v2024.docx.pdf\" data-type=\"link\" data-id=\"https:\/\/strienestad.nl\/wp-content\/uploads\/2024\/01\/REGLEMENT-KINDEROPTOCHT-STRIENESTAD-v2024.docx.pdf\" target=\"_blank\" rel=\"noreferrer noopener\">Voor de kinderoptocht staat &lt;hier&gt; het regelement<\/a><\/p>\n\n\n\n<p>Overige informatie over de optocht en de leutprijs <a href=\"https:\/\/strienestad.nl\/optocht\/\" data-type=\"link\" data-id=\"https:\/\/strienestad.nl\/optocht\/\">&#8211; klik hier<\/a><\/p>\n\n\n\n<p>Jeugdgevolg (Snorrekusbal) &#8211; <a href=\"https:\/\/docs.google.com\/forms\/d\/1At3vwKZPLIPSaxdg_hYwyXk9CyXfHzaypns1QR4OzPA\" data-type=\"link\" data-id=\"https:\/\/docs.google.com\/forms\/d\/1At3vwKZPLIPSaxdg_hYwyXk9CyXfHzaypns1QR4OzPA\" target=\"_blank\" rel=\"noreferrer noopener\">klik hier<\/a><\/p>\n\n\n\n<p><\/p>\n\n\n\n<p><\/p>\n\n\n\n<p><\/p>\n\n\n\n<p><\/p>\n\n\n\n<p><\/p>\n","protected":false},"excerpt":{"rendered":"<p>Jubiel\u00e9\u00e9jum f\u00e9\u00e9st 66 jaor karneval in Strienestad! Jouw act\/ode aan Strienestad inschrijven? &#8211; klik hier &#8212;&#8212;&#8212;&#8212;&#8212;&#8212;&#8212;&#8212;&#8212;&#8212;&#8212;&#8212;&#8212;&#8212;&#8212;&#8212;&#8212;&#8212;&#8212;&#8212;- Grote optocht &#8211; klik hier Voor de grote optocht staat hier &lt;klik&gt; het deelnemersregelement [&hellip;]<\/p>\n","protected":false},"author":1,"featured_media":0,"parent":0,"menu_order":0,"comment_status":"closed","ping_status":"closed","template":"","meta":{"footnotes":""},"class_list":["post-10","page","type-page","status-publish"],"_links":{"self":[{"href":"https:\/\/strienestad.nl\/index.php?rest_route=\/wp\/v2\/pages\/10","targetHints":{"allow":["GET"]}}],"collection":[{"href":"https:\/\/strienestad.nl\/index.php?rest_route=\/wp\/v2\/pages"}],"about":[{"href":"https:\/\/strienestad.nl\/index.php?rest_route=\/wp\/v2\/types\/page"}],"author":[{"embeddable":true,"href":"https:\/\/strienestad.nl\/index.php?rest_route=\/wp\/v2\/users\/1"}],"replies":[{"embeddable":true,"href":"https:\/\/strienestad.nl\/index.php?rest_route=%2Fwp%2Fv2%2Fcomments&post=10"}],"version-history":[{"count":26,"href":"https:\/\/strienestad.nl\/index.php?rest_route=\/wp\/v2\/pages\/10\/revisions"}],"predecessor-version":[{"id":5493,"href":"https:\/\/strienestad.nl\/index.php?rest_route=\/wp\/v2\/pages\/10\/revisions\/5493"}],"wp:attachment":[{"href":"https:\/\/strienestad.nl\/index.php?rest_route=%2Fwp%2Fv2%2Fmedia&parent=10"}],"curies":[{"name":"wp","href":"https:\/\/api.w.org\/{rel}","templated":true}]}}